{"id":145,"date":"2024-05-27T17:44:18","date_gmt":"2024-05-27T15:44:18","guid":{"rendered":"https:\/\/euskalmoneta.org\/denda\/?page_id=145"},"modified":"2024-05-27T17:44:22","modified_gmt":"2024-05-27T15:44:22","slug":"mentions-legales","status":"publish","type":"page","link":"https:\/\/euskalmoneta.org\/denda\/eu\/mentions-legales\/","title":{"rendered":"Lege oharrak"},"content":{"rendered":"<p><strong>Vous \u00eates actuellement connect\u00e9 au site www.euskalmoneta.org\/denda<\/strong><\/p>\n\n\n\n<p><strong>\u00c9diteur<\/strong><br>Association Euskal Moneta \u2013 Monnaie locale du Pays Basque<\/p>\n\n\n\n<p><strong>H\u00e9bergeur<\/strong><br>OVH \u2013 2 rue Kellermann \u2013 59100 ROUBAIX \u2013 France<\/p>\n\n\n\n<p><strong>Propri\u00e9t\u00e9 industrielle et intellectuelle<\/strong><br>L\u2019ensemble de ce site, notamment les textes, les logos, les tableaux, les repr\u00e9sentations iconographiques et photographiques, les documents t\u00e9l\u00e9chargeables ainsi que tous les \u00e9l\u00e9ments du code source, rel\u00e8ve de la l\u00e9gislation fran\u00e7aise et internationale sur le droit d\u2019auteur et la propri\u00e9t\u00e9 intellectuelle. La reproduction ou la repr\u00e9sentation totale ou partielle d\u2019un de ces \u00e9l\u00e9ments, sur quel que support que ce soit, est donc formellement interdite sauf accord pr\u00e9alable \u00e9crit par l\u2019association Euskal Moneta \u2013 Monnaie locale du Pays Basque.<\/p>\n\n\n\n<p><br><strong>Protection des donn\u00e9es personnelles<\/strong><br>Lors de votre visite sur le site, vous pouvez \u00eatre amen\u00e9 \u00e0 nous communiquer des informations personnelles via diff\u00e9rents formulaires. Celles-ci font l\u2019objet de traitements automatis\u00e9s. Ces informations ne sont destin\u00e9es qu\u2019aux services de l\u2019association Euskal Moneta \u2013 Monnaie locale du Pays Basque charg\u00e9s de r\u00e9pondre \u00e0 vos demandes.<\/p>\n\n\n\n<p>Ces informations sont conserv\u00e9es pendant la dur\u00e9e n\u00e9cessaire \u00e0 leur traitement.<\/p>\n\n\n\n<p>Vous disposez d\u2019un droit d\u2019acc\u00e8s, de modification, de rectification et de suppression des donn\u00e9es qui vous concernent (art.34 de la loi \u00ab&nbsp;Informatique et Libert\u00e9s&nbsp;\u00bb du 6 janvier 1978).<\/p>\n\n\n\n<p>Vous pouvez exercer ce droit :<\/p>\n\n\n\n<p>Par courrier \u00e9lectronique \u00e0 l\u2019adresse suivante :<br>info@euskalmoneta.org<\/p>\n\n\n\n<p>Par courrier postal adress\u00e9 \u00e0 :<br>Euskal Moneta \u2013 Cordeliers karrika, 38 \u2013 64100 Baiona<\/p>\n\n\n\n<p><strong>Responsabilit\u00e9<\/strong><br>L\u2019Association Euskal Moneta d\u00e9cline toute responsabilit\u00e9 pour toute information, inexactitude ou omission portant sur les informations disponibles sur son site Internet. En outre, toute d\u00e9cision prise sur la foi de ces informations ne peut engager la responsabilit\u00e9 de l\u2019Association Euskal Moneta \u2013 Monnaie locale du Pays Basque.<\/p>\n\n\n\n<p>En aucun cas l\u2019Association Euskal Moneta \u2013 Monnaie locale du Pays Basque ne pourra \u00eatre tenue responsable des dommages directs ou indirects r\u00e9sultant de l\u2019usage de son site web.<\/p>\n\n\n\n<p>Notre site web contient \u00e9galement des liens vers des sites tiers pour lesquels les mentions pr\u00e9c\u00e9dentes ne s\u2019appliquent pas.<\/p>","protected":false},"excerpt":{"rendered":"<p>Vous \u00eates actuellement connect\u00e9 au site www.euskalmoneta.org\/denda \u00c9diteurAssociation Euskal Moneta \u2013 Monnaie locale du Pays Basque H\u00e9bergeurOVH \u2013 2 rue Kellermann \u2013 59100 ROUBAIX \u2013 France Propri\u00e9t\u00e9 industrielle et intellectuelleL\u2019ensemble de ce site, notamment les textes, les logos, les tableaux, les repr\u00e9sentations iconographiques et photographiques, les documents t\u00e9l\u00e9chargeables ainsi que tous les \u00e9l\u00e9ments du code [&hellip;]<\/p>\n","protected":false},"author":1,"featured_media":0,"parent":0,"menu_order":0,"comment_status":"closed","ping_status":"closed","template":"","meta":{"footnotes":""},"class_list":["post-145","page","type-page","status-publish","hentry"],"yoast_head":"<!-- This site is optimized with the Yoast SEO plugin v27.4 - https:\/\/yoast.com\/product\/yoast-seo-wordpress\/ -->\n<title>Mentions l\u00e9gales - Eusko Denda<\/title>\n<meta name=\"robots\" content=\"index, follow, max-snippet:-1, max-image-preview:large, max-video-preview:-1\" \/>\n<link rel=\"canonical\" href=\"https:\/\/euskalmoneta.org\/denda\/eu\/mentions-legales\/\" \/>\n<meta property=\"og:locale\" content=\"en_US\" \/>\n<meta property=\"og:type\" content=\"article\" \/>\n<meta property=\"og:title\" content=\"Mentions l\u00e9gales - Eusko Denda\" \/>\n<meta property=\"og:description\" content=\"Vous \u00eates actuellement connect\u00e9 au site www.euskalmoneta.org\/denda \u00c9diteurAssociation Euskal Moneta \u2013 Monnaie locale du Pays Basque H\u00e9bergeurOVH \u2013 2 rue Kellermann \u2013 59100 ROUBAIX \u2013 France Propri\u00e9t\u00e9 industrielle et intellectuelleL\u2019ensemble de ce site, notamment les textes, les logos, les tableaux, les repr\u00e9sentations iconographiques et photographiques, les documents t\u00e9l\u00e9chargeables ainsi que tous les \u00e9l\u00e9ments du code [&hellip;]\" \/>\n<meta property=\"og:url\" content=\"https:\/\/euskalmoneta.org\/denda\/eu\/mentions-legales\/\" \/>\n<meta property=\"og:site_name\" content=\"Eusko Denda\" \/>\n<meta property=\"article:publisher\" content=\"https:\/\/www.facebook.com\/euskoa\" \/>\n<meta property=\"article:modified_time\" content=\"2024-05-27T15:44:22+00:00\" \/>\n<meta name=\"twitter:card\" content=\"summary_large_image\" \/>\n<meta name=\"twitter:site\" content=\"@EuskalMoneta\" \/>\n<meta name=\"twitter:label1\" content=\"Est. reading time\" \/>\n\t<meta name=\"twitter:data1\" content=\"2 minutua\" \/>\n<script type=\"application\/ld+json\" class=\"yoast-schema-graph\">{\"@context\":\"https:\\\/\\\/schema.org\",\"@graph\":[{\"@type\":\"WebPage\",\"@id\":\"https:\\\/\\\/euskalmoneta.org\\\/denda\\\/mentions-legales\\\/\",\"url\":\"https:\\\/\\\/euskalmoneta.org\\\/denda\\\/mentions-legales\\\/\",\"name\":\"Mentions l\u00e9gales - Eusko Denda\",\"isPartOf\":{\"@id\":\"https:\\\/\\\/euskalmoneta.org\\\/denda\\\/#website\"},\"datePublished\":\"2024-05-27T15:44:18+00:00\",\"dateModified\":\"2024-05-27T15:44:22+00:00\",\"breadcrumb\":{\"@id\":\"https:\\\/\\\/euskalmoneta.org\\\/denda\\\/mentions-legales\\\/#breadcrumb\"},\"inLanguage\":\"eu\",\"potentialAction\":[{\"@type\":\"ReadAction\",\"target\":[\"https:\\\/\\\/euskalmoneta.org\\\/denda\\\/mentions-legales\\\/\"]}]},{\"@type\":\"BreadcrumbList\",\"@id\":\"https:\\\/\\\/euskalmoneta.org\\\/denda\\\/mentions-legales\\\/#breadcrumb\",\"itemListElement\":[{\"@type\":\"ListItem\",\"position\":1,\"name\":\"Accueil\",\"item\":\"https:\\\/\\\/euskalmoneta.org\\\/denda\\\/\"},{\"@type\":\"ListItem\",\"position\":2,\"name\":\"Mentions l\u00e9gales\"}]},{\"@type\":\"WebSite\",\"@id\":\"https:\\\/\\\/euskalmoneta.org\\\/denda\\\/#website\",\"url\":\"https:\\\/\\\/euskalmoneta.org\\\/denda\\\/\",\"name\":\"Eusko Denda\",\"description\":\"La boutique en ligne de la monnaie locale\",\"publisher\":{\"@id\":\"https:\\\/\\\/euskalmoneta.org\\\/denda\\\/#organization\"},\"potentialAction\":[{\"@type\":\"SearchAction\",\"target\":{\"@type\":\"EntryPoint\",\"urlTemplate\":\"https:\\\/\\\/euskalmoneta.org\\\/denda\\\/?s={search_term_string}\"},\"query-input\":{\"@type\":\"PropertyValueSpecification\",\"valueRequired\":true,\"valueName\":\"search_term_string\"}}],\"inLanguage\":\"eu\"},{\"@type\":\"Organization\",\"@id\":\"https:\\\/\\\/euskalmoneta.org\\\/denda\\\/#organization\",\"name\":\"Eusko Denda\",\"url\":\"https:\\\/\\\/euskalmoneta.org\\\/denda\\\/\",\"logo\":{\"@type\":\"ImageObject\",\"inLanguage\":\"eu\",\"@id\":\"https:\\\/\\\/euskalmoneta.org\\\/denda\\\/#\\\/schema\\\/logo\\\/image\\\/\",\"url\":\"https:\\\/\\\/i0.wp.com\\\/euskalmoneta.org\\\/denda\\\/wp-content\\\/uploads\\\/2024\\\/04\\\/euskodenda.png?fit=1868%2C654&ssl=1\",\"contentUrl\":\"https:\\\/\\\/i0.wp.com\\\/euskalmoneta.org\\\/denda\\\/wp-content\\\/uploads\\\/2024\\\/04\\\/euskodenda.png?fit=1868%2C654&ssl=1\",\"width\":1868,\"height\":654,\"caption\":\"Eusko Denda\"},\"image\":{\"@id\":\"https:\\\/\\\/euskalmoneta.org\\\/denda\\\/#\\\/schema\\\/logo\\\/image\\\/\"},\"sameAs\":[\"https:\\\/\\\/www.facebook.com\\\/euskoa\",\"https:\\\/\\\/x.com\\\/EuskalMoneta\",\"https:\\\/\\\/www.instagram.com\\\/eusko_moneta\\\/\"]}]}<\/script>\n<!-- \/ Yoast SEO plugin. -->","yoast_head_json":{"title":"Mentions l\u00e9gales - Eusko Denda","robots":{"index":"index","follow":"follow","max-snippet":"max-snippet:-1","max-image-preview":"max-image-preview:large","max-video-preview":"max-video-preview:-1"},"canonical":"https:\/\/euskalmoneta.org\/denda\/eu\/mentions-legales\/","og_locale":"en_US","og_type":"article","og_title":"Mentions l\u00e9gales - Eusko Denda","og_description":"Vous \u00eates actuellement connect\u00e9 au site www.euskalmoneta.org\/denda \u00c9diteurAssociation Euskal Moneta \u2013 Monnaie locale du Pays Basque H\u00e9bergeurOVH \u2013 2 rue Kellermann \u2013 59100 ROUBAIX \u2013 France Propri\u00e9t\u00e9 industrielle et intellectuelleL\u2019ensemble de ce site, notamment les textes, les logos, les tableaux, les repr\u00e9sentations iconographiques et photographiques, les documents t\u00e9l\u00e9chargeables ainsi que tous les \u00e9l\u00e9ments du code [&hellip;]","og_url":"https:\/\/euskalmoneta.org\/denda\/eu\/mentions-legales\/","og_site_name":"Eusko Denda","article_publisher":"https:\/\/www.facebook.com\/euskoa","article_modified_time":"2024-05-27T15:44:22+00:00","twitter_card":"summary_large_image","twitter_site":"@EuskalMoneta","twitter_misc":{"Est. reading time":"2 minutua"},"schema":{"@context":"https:\/\/schema.org","@graph":[{"@type":"WebPage","@id":"https:\/\/euskalmoneta.org\/denda\/mentions-legales\/","url":"https:\/\/euskalmoneta.org\/denda\/mentions-legales\/","name":"Mentions l\u00e9gales - Eusko Denda","isPartOf":{"@id":"https:\/\/euskalmoneta.org\/denda\/#website"},"datePublished":"2024-05-27T15:44:18+00:00","dateModified":"2024-05-27T15:44:22+00:00","breadcrumb":{"@id":"https:\/\/euskalmoneta.org\/denda\/mentions-legales\/#breadcrumb"},"inLanguage":"eu","potentialAction":[{"@type":"ReadAction","target":["https:\/\/euskalmoneta.org\/denda\/mentions-legales\/"]}]},{"@type":"BreadcrumbList","@id":"https:\/\/euskalmoneta.org\/denda\/mentions-legales\/#breadcrumb","itemListElement":[{"@type":"ListItem","position":1,"name":"Accueil","item":"https:\/\/euskalmoneta.org\/denda\/"},{"@type":"ListItem","position":2,"name":"Mentions l\u00e9gales"}]},{"@type":"WebSite","@id":"https:\/\/euskalmoneta.org\/denda\/#website","url":"https:\/\/euskalmoneta.org\/denda\/","name":"Eusko Denda","description":"La boutique en ligne de la monnaie locale","publisher":{"@id":"https:\/\/euskalmoneta.org\/denda\/#organization"},"potentialAction":[{"@type":"SearchAction","target":{"@type":"EntryPoint","urlTemplate":"https:\/\/euskalmoneta.org\/denda\/?s={search_term_string}"},"query-input":{"@type":"PropertyValueSpecification","valueRequired":true,"valueName":"search_term_string"}}],"inLanguage":"eu"},{"@type":"Organization","@id":"https:\/\/euskalmoneta.org\/denda\/#organization","name":"Eusko Denda","url":"https:\/\/euskalmoneta.org\/denda\/","logo":{"@type":"ImageObject","inLanguage":"eu","@id":"https:\/\/euskalmoneta.org\/denda\/#\/schema\/logo\/image\/","url":"https:\/\/i0.wp.com\/euskalmoneta.org\/denda\/wp-content\/uploads\/2024\/04\/euskodenda.png?fit=1868%2C654&ssl=1","contentUrl":"https:\/\/i0.wp.com\/euskalmoneta.org\/denda\/wp-content\/uploads\/2024\/04\/euskodenda.png?fit=1868%2C654&ssl=1","width":1868,"height":654,"caption":"Eusko Denda"},"image":{"@id":"https:\/\/euskalmoneta.org\/denda\/#\/schema\/logo\/image\/"},"sameAs":["https:\/\/www.facebook.com\/euskoa","https:\/\/x.com\/EuskalMoneta","https:\/\/www.instagram.com\/eusko_moneta\/"]}]}},"jetpack_sharing_enabled":true,"_links":{"self":[{"href":"https:\/\/euskalmoneta.org\/denda\/eu\/wp-json\/wp\/v2\/pages\/145","targetHints":{"allow":["GET"]}}],"collection":[{"href":"https:\/\/euskalmoneta.org\/denda\/eu\/wp-json\/wp\/v2\/pages"}],"about":[{"href":"https:\/\/euskalmoneta.org\/denda\/eu\/wp-json\/wp\/v2\/types\/page"}],"author":[{"embeddable":true,"href":"https:\/\/euskalmoneta.org\/denda\/eu\/wp-json\/wp\/v2\/users\/1"}],"replies":[{"embeddable":true,"href":"https:\/\/euskalmoneta.org\/denda\/eu\/wp-json\/wp\/v2\/comments?post=145"}],"version-history":[{"count":1,"href":"https:\/\/euskalmoneta.org\/denda\/eu\/wp-json\/wp\/v2\/pages\/145\/revisions"}],"predecessor-version":[{"id":146,"href":"https:\/\/euskalmoneta.org\/denda\/eu\/wp-json\/wp\/v2\/pages\/145\/revisions\/146"}],"wp:attachment":[{"href":"https:\/\/euskalmoneta.org\/denda\/eu\/wp-json\/wp\/v2\/media?parent=145"}],"curies":[{"name":"wp","href":"https:\/\/api.w.org\/{rel}","templated":true}]}}