{"id":175,"date":"2024-05-29T15:22:19","date_gmt":"2024-05-29T13:22:19","guid":{"rendered":"https:\/\/euskalmoneta.org\/denda\/?post_type=product&#038;p=175"},"modified":"2026-04-28T11:49:18","modified_gmt":"2026-04-28T09:49:18","slug":"tote-bag-eusko-collaboration-katxi-klothing","status":"publish","type":"product","link":"https:\/\/euskalmoneta.org\/denda\/eu\/produktua\/tote-bag-eusko-collaboration-katxi-klothing\/","title":{"rendered":"Tote Bag, Katxi Klothing x Euskoaren arteko lankidetza"},"content":{"rendered":"<p class=\"translation-block\"><a href=\"https:\/\/katxiklothing.com\/\" target=\"_blank\" rel=\"noopener\"><strong>Katxi Klothing<\/strong><\/a> arropa marka eta <a href=\"https:\/\/euskalmoneta.org\/denda\/eu\/\"><strong>Eusko<\/strong><\/a> tokiko monetaren arteko kolaborazioari esker egina, bi egituren lurraldearekiko erroztatzea sinbolizatzeko nahietik sortu da tote bag-a hau.<br><br>\n\nGrafismoaren arduraduna <strong>Clara Lauga<\/strong><i><strong>\u00a0\u2022 YOUKA<\/strong> <\/i>izan da, eta Amalur, gure lurraren pertsonifikazioa ohoreztatzeko hautua egin du. Euskal figura femenino honek sorkuntza sinbolizatzen du, erroak, bizitza sortzen den lekua. Eguzki koroak bere ileak apaintzen ditu, batasun eta argiaren sinboloa. Bere inguruan, mendi eta laborantzaren aberastasunak agertzen dira, gure euskal lurraldearen ezaugarriak direnak.<\/p>\n<p><span style=\"font-weight: 400;\">Tote bag-a Euskal Herrian serigrafiatua izan da, Angeluko <\/span><a href=\"https:\/\/www.skandal-impressions.com\/\" target=\"_blank\" rel=\"noopener\"><strong>Skandal Impressions<\/strong><\/a><span style=\"font-weight: 400;\"> -ek egina. <\/span><span style=\"font-weight: 400;\"><br \/>\n<\/span><i><span style=\"font-weight: 400;\"><br \/>\n<\/span><\/i><i><span style=\"font-weight: 400;\">\u2022\u00a0<\/span><\/i><i><span style=\"font-weight: 400;\">Kolore beixa eta urdin iluna<br \/>\n<\/span><\/i><i><span style=\"font-weight: 400;\">\u2022 Prezioa: 10 eusko\/euro<\/span><\/i><i><span style=\"font-weight: 400;\"><br \/>\n<\/span><\/i><i><span style=\"font-weight: 400;\">\u2022 100% kotoi biologiko zertifikatua\u00a0<\/span><\/i><i><\/i><i><span style=\"font-weight: 400;\"><br \/>\n<\/span><\/i><i><span style=\"font-weight: 400;\">\u2022 Garbiketa 30\u00b0-tan aholkatua (kolore berdintsuekin)<\/span><\/i><i><span style=\"font-weight: 400;\"><br \/>\n<\/span><\/i><i><span style=\"font-weight: 400;\">\u2022 \u00c9dition limit\u00e9e\u00a0<\/span><\/i><i><\/i><\/p>","protected":false},"excerpt":{"rendered":"<p>R\u00e9alis\u00e9 en collaboration entre la marque de v\u00eatements Katxi Klothing et l\u2019Eusko, monnaie locale du Pays Basque, ce tote bag est n\u00e9 de la volont\u00e9 de symboliser l\u2019ancrage territorial de ces deux structures. Le graphisme a \u00e9t\u00e9 confi\u00e9 \u00e0 Clara Lauga \u2022 YOUKA, qui a fait le choix de mettre \u00e0 l\u2019honneur Amalur, la terre-m\u00e8re. [&hellip;]<\/p>\n","protected":false},"featured_media":717,"template":"","meta":[],"product_brand":[],"product_cat":[24,28],"product_tag":[],"class_list":{"0":"post-175","1":"product","2":"type-product","3":"status-publish","4":"has-post-thumbnail","6":"product_cat-kollab-katxi","7":"product_cat-tote-bag","9":"first","10":"instock","11":"shipping-taxable","12":"purchasable","13":"product-type-simple"},"yoast_head":"<!-- This site is optimized with the Yoast SEO plugin v27.5 - https:\/\/yoast.com\/product\/yoast-seo-wordpress\/ -->\n<title>Tote Bag Eusko x Collaboration Katxi Klothing - Eusko Denda<\/title>\n<meta name=\"description\" content=\"R\u00e9alis\u00e9 en collaboration entre Katxi Klothing et l\u2019Eusko, ce tote bag est n\u00e9 de la volont\u00e9 de symboliser l\u2019ancrage territorial de ces deux structures.\" \/>\n<meta name=\"robots\" content=\"index, follow, max-snippet:-1, max-image-preview:large, max-video-preview:-1\" \/>\n<link rel=\"canonical\" href=\"https:\/\/euskalmoneta.org\/denda\/eu\/produktua\/tote-bag-eusko-collaboration-katxi-klothing\/\" \/>\n<meta property=\"og:locale\" content=\"en_US\" \/>\n<meta property=\"og:type\" content=\"article\" \/>\n<meta property=\"og:title\" content=\"Tote Bag Eusko x Collaboration Katxi Klothing - Eusko Denda\" \/>\n<meta property=\"og:description\" content=\"R\u00e9alis\u00e9 en collaboration entre Katxi Klothing et l\u2019Eusko, ce tote bag est n\u00e9 de la volont\u00e9 de symboliser l\u2019ancrage territorial de ces deux structures.\" \/>\n<meta property=\"og:url\" content=\"https:\/\/euskalmoneta.org\/denda\/eu\/produktua\/tote-bag-eusko-collaboration-katxi-klothing\/\" \/>\n<meta property=\"og:site_name\" content=\"Eusko Denda\" \/>\n<meta property=\"article:publisher\" content=\"https:\/\/www.facebook.com\/euskoa\" \/>\n<meta property=\"article:modified_time\" content=\"2026-04-28T09:49:18+00:00\" \/>\n<meta property=\"og:image\" content=\"https:\/\/euskalmoneta.org\/denda\/wp-content\/uploads\/2024\/05\/IMG_7079-carre.jpg\" \/>\n\t<meta property=\"og:image:width\" content=\"800\" \/>\n\t<meta property=\"og:image:height\" content=\"800\" \/>\n\t<meta property=\"og:image:type\" content=\"image\/jpeg\" \/>\n<meta name=\"twitter:card\" content=\"summary_large_image\" \/>\n<meta name=\"twitter:site\" content=\"@EuskalMoneta\" \/>\n<meta name=\"twitter:label1\" content=\"Est. reading time\" \/>\n\t<meta name=\"twitter:data1\" content=\"1 minutua\" \/>\n<script type=\"application\/ld+json\" class=\"yoast-schema-graph\">{\"@context\":\"https:\\\/\\\/schema.org\",\"@graph\":[{\"@type\":\"WebPage\",\"@id\":\"https:\\\/\\\/euskalmoneta.org\\\/denda\\\/produit\\\/tote-bag-eusko-collaboration-katxi-klothing\\\/\",\"url\":\"https:\\\/\\\/euskalmoneta.org\\\/denda\\\/produit\\\/tote-bag-eusko-collaboration-katxi-klothing\\\/\",\"name\":\"Tote Bag Eusko x Collaboration Katxi Klothing - Eusko Denda\",\"isPartOf\":{\"@id\":\"https:\\\/\\\/euskalmoneta.org\\\/denda\\\/#website\"},\"primaryImageOfPage\":{\"@id\":\"https:\\\/\\\/euskalmoneta.org\\\/denda\\\/produit\\\/tote-bag-eusko-collaboration-katxi-klothing\\\/#primaryimage\"},\"image\":{\"@id\":\"https:\\\/\\\/euskalmoneta.org\\\/denda\\\/produit\\\/tote-bag-eusko-collaboration-katxi-klothing\\\/#primaryimage\"},\"thumbnailUrl\":\"https:\\\/\\\/i0.wp.com\\\/euskalmoneta.org\\\/denda\\\/wp-content\\\/uploads\\\/2024\\\/05\\\/IMG_7079-carre.jpg?fit=800%2C800&ssl=1\",\"datePublished\":\"2024-05-29T13:22:19+00:00\",\"dateModified\":\"2026-04-28T09:49:18+00:00\",\"description\":\"R\u00e9alis\u00e9 en collaboration entre Katxi Klothing et l\u2019Eusko, ce tote bag est n\u00e9 de la volont\u00e9 de symboliser l\u2019ancrage territorial de ces deux structures.\",\"breadcrumb\":{\"@id\":\"https:\\\/\\\/euskalmoneta.org\\\/denda\\\/produit\\\/tote-bag-eusko-collaboration-katxi-klothing\\\/#breadcrumb\"},\"inLanguage\":\"eu\",\"potentialAction\":[{\"@type\":\"ReadAction\",\"target\":[\"https:\\\/\\\/euskalmoneta.org\\\/denda\\\/produit\\\/tote-bag-eusko-collaboration-katxi-klothing\\\/\"]}]},{\"@type\":\"ImageObject\",\"inLanguage\":\"eu\",\"@id\":\"https:\\\/\\\/euskalmoneta.org\\\/denda\\\/produit\\\/tote-bag-eusko-collaboration-katxi-klothing\\\/#primaryimage\",\"url\":\"https:\\\/\\\/i0.wp.com\\\/euskalmoneta.org\\\/denda\\\/wp-content\\\/uploads\\\/2024\\\/05\\\/IMG_7079-carre.jpg?fit=800%2C800&ssl=1\",\"contentUrl\":\"https:\\\/\\\/i0.wp.com\\\/euskalmoneta.org\\\/denda\\\/wp-content\\\/uploads\\\/2024\\\/05\\\/IMG_7079-carre.jpg?fit=800%2C800&ssl=1\",\"width\":800,\"height\":800},{\"@type\":\"BreadcrumbList\",\"@id\":\"https:\\\/\\\/euskalmoneta.org\\\/denda\\\/produit\\\/tote-bag-eusko-collaboration-katxi-klothing\\\/#breadcrumb\",\"itemListElement\":[{\"@type\":\"ListItem\",\"position\":1,\"name\":\"Accueil\",\"item\":\"https:\\\/\\\/euskalmoneta.org\\\/denda\\\/\"},{\"@type\":\"ListItem\",\"position\":2,\"name\":\"Boutique\",\"item\":\"https:\\\/\\\/euskalmoneta.org\\\/denda\\\/boutique\\\/\"},{\"@type\":\"ListItem\",\"position\":3,\"name\":\"Tote Bag collaboration Katxi Klothing x Eusko\"}]},{\"@type\":\"WebSite\",\"@id\":\"https:\\\/\\\/euskalmoneta.org\\\/denda\\\/#website\",\"url\":\"https:\\\/\\\/euskalmoneta.org\\\/denda\\\/\",\"name\":\"Eusko Denda\",\"description\":\"La boutique en ligne de la monnaie locale\",\"publisher\":{\"@id\":\"https:\\\/\\\/euskalmoneta.org\\\/denda\\\/#organization\"},\"potentialAction\":[{\"@type\":\"SearchAction\",\"target\":{\"@type\":\"EntryPoint\",\"urlTemplate\":\"https:\\\/\\\/euskalmoneta.org\\\/denda\\\/?s={search_term_string}\"},\"query-input\":{\"@type\":\"PropertyValueSpecification\",\"valueRequired\":true,\"valueName\":\"search_term_string\"}}],\"inLanguage\":\"eu\"},{\"@type\":\"Organization\",\"@id\":\"https:\\\/\\\/euskalmoneta.org\\\/denda\\\/#organization\",\"name\":\"Eusko Denda\",\"url\":\"https:\\\/\\\/euskalmoneta.org\\\/denda\\\/\",\"logo\":{\"@type\":\"ImageObject\",\"inLanguage\":\"eu\",\"@id\":\"https:\\\/\\\/euskalmoneta.org\\\/denda\\\/#\\\/schema\\\/logo\\\/image\\\/\",\"url\":\"https:\\\/\\\/i0.wp.com\\\/euskalmoneta.org\\\/denda\\\/wp-content\\\/uploads\\\/2024\\\/04\\\/euskodenda.png?fit=1868%2C654&ssl=1\",\"contentUrl\":\"https:\\\/\\\/i0.wp.com\\\/euskalmoneta.org\\\/denda\\\/wp-content\\\/uploads\\\/2024\\\/04\\\/euskodenda.png?fit=1868%2C654&ssl=1\",\"width\":1868,\"height\":654,\"caption\":\"Eusko Denda\"},\"image\":{\"@id\":\"https:\\\/\\\/euskalmoneta.org\\\/denda\\\/#\\\/schema\\\/logo\\\/image\\\/\"},\"sameAs\":[\"https:\\\/\\\/www.facebook.com\\\/euskoa\",\"https:\\\/\\\/x.com\\\/EuskalMoneta\",\"https:\\\/\\\/www.instagram.com\\\/eusko_moneta\\\/\"]}]}<\/script>\n<!-- \/ Yoast SEO plugin. -->","yoast_head_json":{"title":"Tote Bag Eusko x Collaboration Katxi Klothing - Eusko Denda","description":"R\u00e9alis\u00e9 en collaboration entre Katxi Klothing et l\u2019Eusko, ce tote bag est n\u00e9 de la volont\u00e9 de symboliser l\u2019ancrage territorial de ces deux structures.","robots":{"index":"index","follow":"follow","max-snippet":"max-snippet:-1","max-image-preview":"max-image-preview:large","max-video-preview":"max-video-preview:-1"},"canonical":"https:\/\/euskalmoneta.org\/denda\/eu\/produktua\/tote-bag-eusko-collaboration-katxi-klothing\/","og_locale":"en_US","og_type":"article","og_title":"Tote Bag Eusko x Collaboration Katxi Klothing - Eusko Denda","og_description":"R\u00e9alis\u00e9 en collaboration entre Katxi Klothing et l\u2019Eusko, ce tote bag est n\u00e9 de la volont\u00e9 de symboliser l\u2019ancrage territorial de ces deux structures.","og_url":"https:\/\/euskalmoneta.org\/denda\/eu\/produktua\/tote-bag-eusko-collaboration-katxi-klothing\/","og_site_name":"Eusko Denda","article_publisher":"https:\/\/www.facebook.com\/euskoa","article_modified_time":"2026-04-28T09:49:18+00:00","og_image":[{"width":800,"height":800,"url":"https:\/\/euskalmoneta.org\/denda\/wp-content\/uploads\/2024\/05\/IMG_7079-carre.jpg","type":"image\/jpeg"}],"twitter_card":"summary_large_image","twitter_site":"@EuskalMoneta","twitter_misc":{"Est. reading time":"1 minutua"},"schema":{"@context":"https:\/\/schema.org","@graph":[{"@type":"WebPage","@id":"https:\/\/euskalmoneta.org\/denda\/produit\/tote-bag-eusko-collaboration-katxi-klothing\/","url":"https:\/\/euskalmoneta.org\/denda\/produit\/tote-bag-eusko-collaboration-katxi-klothing\/","name":"Tote Bag Eusko x Collaboration Katxi Klothing - Eusko Denda","isPartOf":{"@id":"https:\/\/euskalmoneta.org\/denda\/#website"},"primaryImageOfPage":{"@id":"https:\/\/euskalmoneta.org\/denda\/produit\/tote-bag-eusko-collaboration-katxi-klothing\/#primaryimage"},"image":{"@id":"https:\/\/euskalmoneta.org\/denda\/produit\/tote-bag-eusko-collaboration-katxi-klothing\/#primaryimage"},"thumbnailUrl":"https:\/\/i0.wp.com\/euskalmoneta.org\/denda\/wp-content\/uploads\/2024\/05\/IMG_7079-carre.jpg?fit=800%2C800&ssl=1","datePublished":"2024-05-29T13:22:19+00:00","dateModified":"2026-04-28T09:49:18+00:00","description":"R\u00e9alis\u00e9 en collaboration entre Katxi Klothing et l\u2019Eusko, ce tote bag est n\u00e9 de la volont\u00e9 de symboliser l\u2019ancrage territorial de ces deux structures.","breadcrumb":{"@id":"https:\/\/euskalmoneta.org\/denda\/produit\/tote-bag-eusko-collaboration-katxi-klothing\/#breadcrumb"},"inLanguage":"eu","potentialAction":[{"@type":"ReadAction","target":["https:\/\/euskalmoneta.org\/denda\/produit\/tote-bag-eusko-collaboration-katxi-klothing\/"]}]},{"@type":"ImageObject","inLanguage":"eu","@id":"https:\/\/euskalmoneta.org\/denda\/produit\/tote-bag-eusko-collaboration-katxi-klothing\/#primaryimage","url":"https:\/\/i0.wp.com\/euskalmoneta.org\/denda\/wp-content\/uploads\/2024\/05\/IMG_7079-carre.jpg?fit=800%2C800&ssl=1","contentUrl":"https:\/\/i0.wp.com\/euskalmoneta.org\/denda\/wp-content\/uploads\/2024\/05\/IMG_7079-carre.jpg?fit=800%2C800&ssl=1","width":800,"height":800},{"@type":"BreadcrumbList","@id":"https:\/\/euskalmoneta.org\/denda\/produit\/tote-bag-eusko-collaboration-katxi-klothing\/#breadcrumb","itemListElement":[{"@type":"ListItem","position":1,"name":"Accueil","item":"https:\/\/euskalmoneta.org\/denda\/"},{"@type":"ListItem","position":2,"name":"Boutique","item":"https:\/\/euskalmoneta.org\/denda\/boutique\/"},{"@type":"ListItem","position":3,"name":"Tote Bag collaboration Katxi Klothing x Eusko"}]},{"@type":"WebSite","@id":"https:\/\/euskalmoneta.org\/denda\/#website","url":"https:\/\/euskalmoneta.org\/denda\/","name":"Eusko Denda","description":"La boutique en ligne de la monnaie locale","publisher":{"@id":"https:\/\/euskalmoneta.org\/denda\/#organization"},"potentialAction":[{"@type":"SearchAction","target":{"@type":"EntryPoint","urlTemplate":"https:\/\/euskalmoneta.org\/denda\/?s={search_term_string}"},"query-input":{"@type":"PropertyValueSpecification","valueRequired":true,"valueName":"search_term_string"}}],"inLanguage":"eu"},{"@type":"Organization","@id":"https:\/\/euskalmoneta.org\/denda\/#organization","name":"Eusko Denda","url":"https:\/\/euskalmoneta.org\/denda\/","logo":{"@type":"ImageObject","inLanguage":"eu","@id":"https:\/\/euskalmoneta.org\/denda\/#\/schema\/logo\/image\/","url":"https:\/\/i0.wp.com\/euskalmoneta.org\/denda\/wp-content\/uploads\/2024\/04\/euskodenda.png?fit=1868%2C654&ssl=1","contentUrl":"https:\/\/i0.wp.com\/euskalmoneta.org\/denda\/wp-content\/uploads\/2024\/04\/euskodenda.png?fit=1868%2C654&ssl=1","width":1868,"height":654,"caption":"Eusko Denda"},"image":{"@id":"https:\/\/euskalmoneta.org\/denda\/#\/schema\/logo\/image\/"},"sameAs":["https:\/\/www.facebook.com\/euskoa","https:\/\/x.com\/EuskalMoneta","https:\/\/www.instagram.com\/eusko_moneta\/"]}]}},"jetpack_sharing_enabled":true,"_links":{"self":[{"href":"https:\/\/euskalmoneta.org\/denda\/eu\/wp-json\/wp\/v2\/product\/175","targetHints":{"allow":["GET"]}}],"collection":[{"href":"https:\/\/euskalmoneta.org\/denda\/eu\/wp-json\/wp\/v2\/product"}],"about":[{"href":"https:\/\/euskalmoneta.org\/denda\/eu\/wp-json\/wp\/v2\/types\/product"}],"wp:featuredmedia":[{"embeddable":true,"href":"https:\/\/euskalmoneta.org\/denda\/eu\/wp-json\/wp\/v2\/media\/717"}],"wp:attachment":[{"href":"https:\/\/euskalmoneta.org\/denda\/eu\/wp-json\/wp\/v2\/media?parent=175"}],"wp:term":[{"taxonomy":"product_brand","embeddable":true,"href":"https:\/\/euskalmoneta.org\/denda\/eu\/wp-json\/wp\/v2\/product_brand?post=175"},{"taxonomy":"product_cat","embeddable":true,"href":"https:\/\/euskalmoneta.org\/denda\/eu\/wp-json\/wp\/v2\/product_cat?post=175"},{"taxonomy":"product_tag","embeddable":true,"href":"https:\/\/euskalmoneta.org\/denda\/eu\/wp-json\/wp\/v2\/product_tag?post=175"}],"curies":[{"name":"wp","href":"https:\/\/api.w.org\/{rel}","templated":true}]}}