{"id":99,"date":"2024-05-27T17:00:01","date_gmt":"2024-05-27T15:00:01","guid":{"rendered":"https:\/\/euskalmoneta.org\/denda\/?post_type=product&#038;p=99"},"modified":"2026-02-12T09:14:50","modified_gmt":"2026-02-12T08:14:50","slug":"t-shirt-eusko-collaboration-katxi-klothing-homme","status":"publish","type":"product","link":"https:\/\/euskalmoneta.org\/denda\/eu\/produktua\/t-shirt-eusko-collaboration-katxi-klothing-homme\/","title":{"rendered":"Tixerta, Katxi Klothing x Euskoaren arteko lankidetza - Gizonentzat"},"content":{"rendered":"<p class=\"translation-block\"><a href=\"https:\/\/katxiklothing.com\/\" target=\"_blank\" rel=\"noopener\"><strong>Katxi Klothing<\/strong><\/a> arropa marka eta <a href=\"https:\/\/euskalmoneta.org\/denda\/eu\/\"><strong>Eusko<\/strong><\/a> tokiko monetaren arteko kolaborazioari esker egina, bi egituren lurraldearekiko erroztatzea sinbolizatzeko nahietik sortu da tixerta hau.<br><br>\n\nGrafismoaren arduraduna <strong>Clara Lauga<\/strong><i><strong>\u00a0\u2022 YOUKA<\/strong> <\/i>izan da, eta Amalur, gure lurraren pertsonifikazioa ohoreztatzeko hautua egin du. Euskal figura femenino honek sorkuntza sinbolizatzen du, erroak, bizitza sortzen den lekua. Eguzki koroak bere ileak apaintzen ditu, batasun eta argiaren sinboloa. Bere inguruan, mendi eta laborantzaren aberastasunak agertzen dira, gure euskal lurraldearen ezaugarriak direnak.<\/p>\n<p class=\"translation-block\">Tixerta Euskal Herrian serigrafiatua izan da, Angeluko <a href=\"https:\/\/www.skandal-impressions.com\/\" target=\"_blank\" rel=\"noopener\"><strong>Skandal Impression<\/strong><\/a>-ek egina.<\/p>\n<p class=\"translation-block\"><em>\u2022 Gizonentzat tixerta klasikoa puntu ehunean<br>\n\u2022 Prezioa: 20 eusko\/euro<br>\n\u2022 Kolorea: urdin iluna<br>\n\u2022 100% kotoi biologiko zertifikatua<br>\n\u2022 Fabrikazio etiko segurtatua, kostu ekologikoa -ez apaldua<br>\n\u2022 Garbiketa 30\u00b0-tan aholkatua<\/em><i><br>\n<\/i><i><br>\n<\/i>Tixertak <strong><a href=\"https:\/\/www.continentalclothing.com\/\">Continental Clothing Co.<\/a><\/strong>-k fabrikatu ditu eta <a href=\"https:\/\/www.continentalclothing.com\/about\/earthpositive\" target=\"_blank\" rel=\"noopener\"><strong>Earth Positive <\/strong><\/a>gamaren barne dira.<\/p>","protected":false},"excerpt":{"rendered":"<p>R\u00e9alis\u00e9 en collaboration entre la marque de v\u00eatements Katxi Klothing et l&rsquo;Eusko, monnaie locale du Pays Basque, ce t-shirt est n\u00e9 de la volont\u00e9 de symboliser l\u2019ancrage territorial de ces deux structures. Le graphisme a \u00e9t\u00e9 confi\u00e9 \u00e0 Clara Lauga \u2022 YOUKA, qui a fait le choix de mettre \u00e0 l\u2019honneur Amalur, la terre-m\u00e8re. Cette [&hellip;]<\/p>\n","protected":false},"featured_media":195,"template":"","meta":[],"product_brand":[],"product_cat":[24,20],"product_tag":[],"class_list":{"0":"post-99","1":"product","2":"type-product","3":"status-publish","4":"has-post-thumbnail","6":"product_cat-kollab-katxi","7":"product_cat-tshirts","9":"first","10":"outofstock","11":"shipping-taxable","12":"purchasable","13":"product-type-variable"},"yoast_head":"<!-- This site is optimized with the Yoast SEO plugin v27.4 - https:\/\/yoast.com\/product\/yoast-seo-wordpress\/ -->\n<title>T-shirt Eusko collaboration Katxi Klothing - Homme - Eusko Denda<\/title>\n<meta name=\"description\" content=\"R\u00e9alis\u00e9 en collaboration entre Katxi Klothing et l\u2019Eusko, ce t-shirt est n\u00e9 de la volont\u00e9 de symboliser l\u2019ancrage territorial de ces deux structures.\" \/>\n<meta name=\"robots\" content=\"index, follow, max-snippet:-1, max-image-preview:large, max-video-preview:-1\" \/>\n<link rel=\"canonical\" href=\"https:\/\/euskalmoneta.org\/denda\/eu\/produktua\/t-shirt-eusko-collaboration-katxi-klothing-homme\/\" \/>\n<meta property=\"og:locale\" content=\"en_US\" \/>\n<meta property=\"og:type\" content=\"article\" \/>\n<meta property=\"og:title\" content=\"T-shirt Eusko collaboration Katxi Klothing - Homme - Eusko Denda\" \/>\n<meta property=\"og:description\" content=\"R\u00e9alis\u00e9 en collaboration entre Katxi Klothing et l\u2019Eusko, ce t-shirt est n\u00e9 de la volont\u00e9 de symboliser l\u2019ancrage territorial de ces deux structures.\" \/>\n<meta property=\"og:url\" content=\"https:\/\/euskalmoneta.org\/denda\/eu\/produktua\/t-shirt-eusko-collaboration-katxi-klothing-homme\/\" \/>\n<meta property=\"og:site_name\" content=\"Eusko Denda\" \/>\n<meta property=\"article:publisher\" content=\"https:\/\/www.facebook.com\/euskoa\" \/>\n<meta property=\"article:modified_time\" content=\"2026-02-12T08:14:50+00:00\" \/>\n<meta property=\"og:image\" content=\"https:\/\/euskalmoneta.org\/denda\/wp-content\/uploads\/2024\/05\/Serie-2-13.jpg\" \/>\n\t<meta property=\"og:image:width\" content=\"1920\" \/>\n\t<meta property=\"og:image:height\" content=\"1920\" \/>\n\t<meta property=\"og:image:type\" content=\"image\/jpeg\" \/>\n<meta name=\"twitter:card\" content=\"summary_large_image\" \/>\n<meta name=\"twitter:site\" content=\"@EuskalMoneta\" \/>\n<meta name=\"twitter:label1\" content=\"Est. reading time\" \/>\n\t<meta name=\"twitter:data1\" content=\"2 minutua\" \/>\n<script type=\"application\/ld+json\" class=\"yoast-schema-graph\">{\"@context\":\"https:\\\/\\\/schema.org\",\"@graph\":[{\"@type\":\"WebPage\",\"@id\":\"https:\\\/\\\/euskalmoneta.org\\\/denda\\\/produit\\\/t-shirt-eusko-collaboration-katxi-klothing-homme\\\/\",\"url\":\"https:\\\/\\\/euskalmoneta.org\\\/denda\\\/produit\\\/t-shirt-eusko-collaboration-katxi-klothing-homme\\\/\",\"name\":\"T-shirt Eusko collaboration Katxi Klothing - Homme - Eusko Denda\",\"isPartOf\":{\"@id\":\"https:\\\/\\\/euskalmoneta.org\\\/denda\\\/#website\"},\"primaryImageOfPage\":{\"@id\":\"https:\\\/\\\/euskalmoneta.org\\\/denda\\\/produit\\\/t-shirt-eusko-collaboration-katxi-klothing-homme\\\/#primaryimage\"},\"image\":{\"@id\":\"https:\\\/\\\/euskalmoneta.org\\\/denda\\\/produit\\\/t-shirt-eusko-collaboration-katxi-klothing-homme\\\/#primaryimage\"},\"thumbnailUrl\":\"https:\\\/\\\/i0.wp.com\\\/euskalmoneta.org\\\/denda\\\/wp-content\\\/uploads\\\/2024\\\/05\\\/Serie-2-13.jpg?fit=1920%2C1920&ssl=1\",\"datePublished\":\"2024-05-27T15:00:01+00:00\",\"dateModified\":\"2026-02-12T08:14:50+00:00\",\"description\":\"R\u00e9alis\u00e9 en collaboration entre Katxi Klothing et l\u2019Eusko, ce t-shirt est n\u00e9 de la volont\u00e9 de symboliser l\u2019ancrage territorial de ces deux structures.\",\"breadcrumb\":{\"@id\":\"https:\\\/\\\/euskalmoneta.org\\\/denda\\\/produit\\\/t-shirt-eusko-collaboration-katxi-klothing-homme\\\/#breadcrumb\"},\"inLanguage\":\"eu\",\"potentialAction\":[{\"@type\":\"ReadAction\",\"target\":[\"https:\\\/\\\/euskalmoneta.org\\\/denda\\\/produit\\\/t-shirt-eusko-collaboration-katxi-klothing-homme\\\/\"]}]},{\"@type\":\"ImageObject\",\"inLanguage\":\"eu\",\"@id\":\"https:\\\/\\\/euskalmoneta.org\\\/denda\\\/produit\\\/t-shirt-eusko-collaboration-katxi-klothing-homme\\\/#primaryimage\",\"url\":\"https:\\\/\\\/i0.wp.com\\\/euskalmoneta.org\\\/denda\\\/wp-content\\\/uploads\\\/2024\\\/05\\\/Serie-2-13.jpg?fit=1920%2C1920&ssl=1\",\"contentUrl\":\"https:\\\/\\\/i0.wp.com\\\/euskalmoneta.org\\\/denda\\\/wp-content\\\/uploads\\\/2024\\\/05\\\/Serie-2-13.jpg?fit=1920%2C1920&ssl=1\",\"width\":1920,\"height\":1920,\"caption\":\"t-shirt collaboration katxi klothing x eusko (homme)\"},{\"@type\":\"BreadcrumbList\",\"@id\":\"https:\\\/\\\/euskalmoneta.org\\\/denda\\\/produit\\\/t-shirt-eusko-collaboration-katxi-klothing-homme\\\/#breadcrumb\",\"itemListElement\":[{\"@type\":\"ListItem\",\"position\":1,\"name\":\"Accueil\",\"item\":\"https:\\\/\\\/euskalmoneta.org\\\/denda\\\/\"},{\"@type\":\"ListItem\",\"position\":2,\"name\":\"Boutique\",\"item\":\"https:\\\/\\\/euskalmoneta.org\\\/denda\\\/boutique\\\/\"},{\"@type\":\"ListItem\",\"position\":3,\"name\":\"T-shirt collaboration Katxi Klothing x Eusko &#8211; Homme\"}]},{\"@type\":\"WebSite\",\"@id\":\"https:\\\/\\\/euskalmoneta.org\\\/denda\\\/#website\",\"url\":\"https:\\\/\\\/euskalmoneta.org\\\/denda\\\/\",\"name\":\"Eusko Denda\",\"description\":\"La boutique en ligne de la monnaie locale\",\"publisher\":{\"@id\":\"https:\\\/\\\/euskalmoneta.org\\\/denda\\\/#organization\"},\"potentialAction\":[{\"@type\":\"SearchAction\",\"target\":{\"@type\":\"EntryPoint\",\"urlTemplate\":\"https:\\\/\\\/euskalmoneta.org\\\/denda\\\/?s={search_term_string}\"},\"query-input\":{\"@type\":\"PropertyValueSpecification\",\"valueRequired\":true,\"valueName\":\"search_term_string\"}}],\"inLanguage\":\"eu\"},{\"@type\":\"Organization\",\"@id\":\"https:\\\/\\\/euskalmoneta.org\\\/denda\\\/#organization\",\"name\":\"Eusko Denda\",\"url\":\"https:\\\/\\\/euskalmoneta.org\\\/denda\\\/\",\"logo\":{\"@type\":\"ImageObject\",\"inLanguage\":\"eu\",\"@id\":\"https:\\\/\\\/euskalmoneta.org\\\/denda\\\/#\\\/schema\\\/logo\\\/image\\\/\",\"url\":\"https:\\\/\\\/i0.wp.com\\\/euskalmoneta.org\\\/denda\\\/wp-content\\\/uploads\\\/2024\\\/04\\\/euskodenda.png?fit=1868%2C654&ssl=1\",\"contentUrl\":\"https:\\\/\\\/i0.wp.com\\\/euskalmoneta.org\\\/denda\\\/wp-content\\\/uploads\\\/2024\\\/04\\\/euskodenda.png?fit=1868%2C654&ssl=1\",\"width\":1868,\"height\":654,\"caption\":\"Eusko Denda\"},\"image\":{\"@id\":\"https:\\\/\\\/euskalmoneta.org\\\/denda\\\/#\\\/schema\\\/logo\\\/image\\\/\"},\"sameAs\":[\"https:\\\/\\\/www.facebook.com\\\/euskoa\",\"https:\\\/\\\/x.com\\\/EuskalMoneta\",\"https:\\\/\\\/www.instagram.com\\\/eusko_moneta\\\/\"]}]}<\/script>\n<!-- \/ Yoast SEO plugin. -->","yoast_head_json":{"title":"T-shirt Eusko collaboration Katxi Klothing - Homme - Eusko Denda","description":"R\u00e9alis\u00e9 en collaboration entre Katxi Klothing et l\u2019Eusko, ce t-shirt est n\u00e9 de la volont\u00e9 de symboliser l\u2019ancrage territorial de ces deux structures.","robots":{"index":"index","follow":"follow","max-snippet":"max-snippet:-1","max-image-preview":"max-image-preview:large","max-video-preview":"max-video-preview:-1"},"canonical":"https:\/\/euskalmoneta.org\/denda\/eu\/produktua\/t-shirt-eusko-collaboration-katxi-klothing-homme\/","og_locale":"en_US","og_type":"article","og_title":"T-shirt Eusko collaboration Katxi Klothing - Homme - Eusko Denda","og_description":"R\u00e9alis\u00e9 en collaboration entre Katxi Klothing et l\u2019Eusko, ce t-shirt est n\u00e9 de la volont\u00e9 de symboliser l\u2019ancrage territorial de ces deux structures.","og_url":"https:\/\/euskalmoneta.org\/denda\/eu\/produktua\/t-shirt-eusko-collaboration-katxi-klothing-homme\/","og_site_name":"Eusko Denda","article_publisher":"https:\/\/www.facebook.com\/euskoa","article_modified_time":"2026-02-12T08:14:50+00:00","og_image":[{"width":1920,"height":1920,"url":"https:\/\/euskalmoneta.org\/denda\/wp-content\/uploads\/2024\/05\/Serie-2-13.jpg","type":"image\/jpeg"}],"twitter_card":"summary_large_image","twitter_site":"@EuskalMoneta","twitter_misc":{"Est. reading time":"2 minutua"},"schema":{"@context":"https:\/\/schema.org","@graph":[{"@type":"WebPage","@id":"https:\/\/euskalmoneta.org\/denda\/produit\/t-shirt-eusko-collaboration-katxi-klothing-homme\/","url":"https:\/\/euskalmoneta.org\/denda\/produit\/t-shirt-eusko-collaboration-katxi-klothing-homme\/","name":"T-shirt Eusko collaboration Katxi Klothing - Homme - Eusko Denda","isPartOf":{"@id":"https:\/\/euskalmoneta.org\/denda\/#website"},"primaryImageOfPage":{"@id":"https:\/\/euskalmoneta.org\/denda\/produit\/t-shirt-eusko-collaboration-katxi-klothing-homme\/#primaryimage"},"image":{"@id":"https:\/\/euskalmoneta.org\/denda\/produit\/t-shirt-eusko-collaboration-katxi-klothing-homme\/#primaryimage"},"thumbnailUrl":"https:\/\/i0.wp.com\/euskalmoneta.org\/denda\/wp-content\/uploads\/2024\/05\/Serie-2-13.jpg?fit=1920%2C1920&ssl=1","datePublished":"2024-05-27T15:00:01+00:00","dateModified":"2026-02-12T08:14:50+00:00","description":"R\u00e9alis\u00e9 en collaboration entre Katxi Klothing et l\u2019Eusko, ce t-shirt est n\u00e9 de la volont\u00e9 de symboliser l\u2019ancrage territorial de ces deux structures.","breadcrumb":{"@id":"https:\/\/euskalmoneta.org\/denda\/produit\/t-shirt-eusko-collaboration-katxi-klothing-homme\/#breadcrumb"},"inLanguage":"eu","potentialAction":[{"@type":"ReadAction","target":["https:\/\/euskalmoneta.org\/denda\/produit\/t-shirt-eusko-collaboration-katxi-klothing-homme\/"]}]},{"@type":"ImageObject","inLanguage":"eu","@id":"https:\/\/euskalmoneta.org\/denda\/produit\/t-shirt-eusko-collaboration-katxi-klothing-homme\/#primaryimage","url":"https:\/\/i0.wp.com\/euskalmoneta.org\/denda\/wp-content\/uploads\/2024\/05\/Serie-2-13.jpg?fit=1920%2C1920&ssl=1","contentUrl":"https:\/\/i0.wp.com\/euskalmoneta.org\/denda\/wp-content\/uploads\/2024\/05\/Serie-2-13.jpg?fit=1920%2C1920&ssl=1","width":1920,"height":1920,"caption":"t-shirt collaboration katxi klothing x eusko (homme)"},{"@type":"BreadcrumbList","@id":"https:\/\/euskalmoneta.org\/denda\/produit\/t-shirt-eusko-collaboration-katxi-klothing-homme\/#breadcrumb","itemListElement":[{"@type":"ListItem","position":1,"name":"Accueil","item":"https:\/\/euskalmoneta.org\/denda\/"},{"@type":"ListItem","position":2,"name":"Boutique","item":"https:\/\/euskalmoneta.org\/denda\/boutique\/"},{"@type":"ListItem","position":3,"name":"T-shirt collaboration Katxi Klothing x Eusko &#8211; Homme"}]},{"@type":"WebSite","@id":"https:\/\/euskalmoneta.org\/denda\/#website","url":"https:\/\/euskalmoneta.org\/denda\/","name":"Eusko Denda","description":"La boutique en ligne de la monnaie locale","publisher":{"@id":"https:\/\/euskalmoneta.org\/denda\/#organization"},"potentialAction":[{"@type":"SearchAction","target":{"@type":"EntryPoint","urlTemplate":"https:\/\/euskalmoneta.org\/denda\/?s={search_term_string}"},"query-input":{"@type":"PropertyValueSpecification","valueRequired":true,"valueName":"search_term_string"}}],"inLanguage":"eu"},{"@type":"Organization","@id":"https:\/\/euskalmoneta.org\/denda\/#organization","name":"Eusko Denda","url":"https:\/\/euskalmoneta.org\/denda\/","logo":{"@type":"ImageObject","inLanguage":"eu","@id":"https:\/\/euskalmoneta.org\/denda\/#\/schema\/logo\/image\/","url":"https:\/\/i0.wp.com\/euskalmoneta.org\/denda\/wp-content\/uploads\/2024\/04\/euskodenda.png?fit=1868%2C654&ssl=1","contentUrl":"https:\/\/i0.wp.com\/euskalmoneta.org\/denda\/wp-content\/uploads\/2024\/04\/euskodenda.png?fit=1868%2C654&ssl=1","width":1868,"height":654,"caption":"Eusko Denda"},"image":{"@id":"https:\/\/euskalmoneta.org\/denda\/#\/schema\/logo\/image\/"},"sameAs":["https:\/\/www.facebook.com\/euskoa","https:\/\/x.com\/EuskalMoneta","https:\/\/www.instagram.com\/eusko_moneta\/"]}]}},"jetpack_sharing_enabled":true,"_links":{"self":[{"href":"https:\/\/euskalmoneta.org\/denda\/eu\/wp-json\/wp\/v2\/product\/99","targetHints":{"allow":["GET"]}}],"collection":[{"href":"https:\/\/euskalmoneta.org\/denda\/eu\/wp-json\/wp\/v2\/product"}],"about":[{"href":"https:\/\/euskalmoneta.org\/denda\/eu\/wp-json\/wp\/v2\/types\/product"}],"wp:featuredmedia":[{"embeddable":true,"href":"https:\/\/euskalmoneta.org\/denda\/eu\/wp-json\/wp\/v2\/media\/195"}],"wp:attachment":[{"href":"https:\/\/euskalmoneta.org\/denda\/eu\/wp-json\/wp\/v2\/media?parent=99"}],"wp:term":[{"taxonomy":"product_brand","embeddable":true,"href":"https:\/\/euskalmoneta.org\/denda\/eu\/wp-json\/wp\/v2\/product_brand?post=99"},{"taxonomy":"product_cat","embeddable":true,"href":"https:\/\/euskalmoneta.org\/denda\/eu\/wp-json\/wp\/v2\/product_cat?post=99"},{"taxonomy":"product_tag","embeddable":true,"href":"https:\/\/euskalmoneta.org\/denda\/eu\/wp-json\/wp\/v2\/product_tag?post=99"}],"curies":[{"name":"wp","href":"https:\/\/api.w.org\/{rel}","templated":true}]}}