{"id":144,"date":"2024-05-27T17:47:09","date_gmt":"2024-05-27T15:47:09","guid":{"rendered":"https:\/\/euskalmoneta.org\/denda\/?page_id=144"},"modified":"2024-05-27T17:47:12","modified_gmt":"2024-05-27T15:47:12","slug":"conditions-generales","status":"publish","type":"page","link":"https:\/\/euskalmoneta.org\/denda\/fr_fr\/conditions-generales\/","title":{"rendered":"Conditions g\u00e9n\u00e9rales"},"content":{"rendered":"\n<p><strong>CONDITIONS GENERALES DE VENTE<\/strong><\/p>\n\n\n\n<ul class=\"wp-block-list\">\n<li><strong>CHAMP D\u2019APPLICATION DES CONDITIONS GENERALES DE VENTE<\/strong><\/li>\n<\/ul>\n\n\n\n<p><strong>&nbsp;<\/strong>Les pr\u00e9sentes conditions g\u00e9n\u00e9rales de vente s\u2019appliquent, sans restriction, ni r\u00e9serve, \u00e0 toutes nos ventes effectu\u00e9es aupr\u00e8s de clients ne destinant pas nos marchandises \u00e0 un usage professionnel.<\/p>\n\n\n\n<p>Ce site est \u00e9dit\u00e9 par l&rsquo;association Euskal Moneta.<br>Les pr\u00e9sentes conditions g\u00e9n\u00e9rales de vente d\u00e9finissent les droits et obligations des parties dans le cadre des ventes effectu\u00e9es via le site www.euskalmoneta.org\/denda. Elles r\u00e8glent toutes les \u00e9tapes n\u00e9cessaires \u00e0 la passation et au suivi de la commande.<br>Elles sont conclues entre, d\u2019une part, l&rsquo;association Euskal Moneta, d\u2019autre part, les personnes souhaitant effectuer une commande de produit(s) via le site www.euskalmoneta.org\/denda.<\/p>\n\n\n\n<p>La vente est r\u00e9put\u00e9e conclue au r\u00e8glement de la commande par le client. Pr\u00e9alablement \u00e0 cette date, les pr\u00e9sentes conditions de vente ont \u00e9t\u00e9 mises \u00e0 la disposition de l\u2019acheteur, conform\u00e9ment \u00e0 l\u2019article L. 113-3 du code de la consommation.<\/p>\n\n\n\n<p>Toute commande implique l\u2019adh\u00e9sion sans r\u00e9serve aux pr\u00e9sentes conditions g\u00e9n\u00e9rales de vente qui pr\u00e9valent sur toutes autres conditions, \u00e0 l\u2019exception de celles qui ont fait l\u2019objet d\u2019un accord \u00e9crit.<\/p>\n\n\n\n<p>L\u2019entreprise se r\u00e9serve la possibilit\u00e9 de modifier les pr\u00e9sentes conditions g\u00e9n\u00e9rales de ventes \u00e0 tout moment. Celles applicables seront celles en vigueur sur le site lors de la validation de la commande par le client.<\/p>\n\n\n\n<ul class=\"wp-block-list\">\n<li><strong>RESERVE DE PROPRIETE<\/strong><\/li>\n<\/ul>\n\n\n\n<p><strong>&nbsp;<\/strong>Les produits sont vendus sous r\u00e9serve de propri\u00e9t\u00e9. Nous conservons la propri\u00e9t\u00e9 des produits jusqu\u2019au paiement complet et effectif du prix en principal et int\u00e9r\u00eats par le client. Le paiement complet et effectif s\u2019entend \u00e0 l\u2019encaissement des sommes dues. Jusqu\u2019\u00e0 cette date, la clause r\u00e9serve de propri\u00e9t\u00e9 conserve son plein droit.<\/p>\n\n\n\n<p>Les marchandises livr\u00e9es et non pay\u00e9es devront \u00eatre restitu\u00e9es par le client. A d\u00e9faut de r\u00e8glement du prix \u00e0 l\u2019\u00e9ch\u00e9ance convenue et 48 heures apr\u00e8s une mise en demeure rest\u00e9e infructueuse, nous pourrons reprendre les marchandises et la vente sera r\u00e9solue de plein droit. Les sommes vers\u00e9es nous resteront acquises \u00e0 titre de d\u00e9dommagement<\/p>\n\n\n\n<p>La pr\u00e9sente clause de r\u00e9serve de propri\u00e9t\u00e9 ne fait pas obstacle au transfert, d\u00e8s livraison, des risques des produits vendus. Le client s\u2019engage jusqu\u2019\u00e0 complet paiement du prix, \u00e0 peine de revendication imm\u00e9diate des produits par nos soins, \u00e0 ne pas transformer ni incorporer les produits, ni \u00e0 les revendre ou les mettre en gage.<\/p>\n\n\n\n<ul class=\"wp-block-list\">\n<li><strong>PRIX \u2013 PAIEMENT<\/strong><\/li>\n<\/ul>\n\n\n\n<p>5-1 Sauf conditions particuli\u00e8res expresses propres \u00e0 la vente, les prix des produits vendus sont ceux figurant au tarif en vigueur au jour de la commande. Ces prix sont, \u00e0 la date de la commande, fermes et d\u00e9finitifs. Ils sont exprim\u00e9s en monnaie l\u00e9gale.<\/p>\n\n\n\n<p>5-2 Modalit\u00e9s de paiement sauf autres modalit\u00e9s pr\u00e9vues express\u00e9ment par les conditions particuli\u00e8res, le prix de vente est payable au moment de la commande :<\/p>\n\n\n\n<p>\u2013 En eusko, afin de faire circuler la monnaie locale, par virement entre comptes eusko, ou via l&rsquo;application de paiement euskopay.<\/p>\n\n\n\n<p>\u2013 Par carte bancaire : le paiement s\u2019effectue de mani\u00e8re s\u00e9curis\u00e9e et les donn\u00e9es de carte bancaire voyagent crypt\u00e9es garantissant la confidentialit\u00e9 des \u00e9changes.<\/p>\n\n\n\n<p>\u2013 Par Paypal, vers l&rsquo;adresse indiqu\u00e9e dans la proc\u00e9dure de paiement.<\/p>\n\n\n\n<p>La livraison ne pourra avoir lieu qu\u2019\u00e0 l\u2019encaissement effectif des sommes totales TTC dues par le client. Une facture sera adress\u00e9e \u00e0 l\u2019adresse de facturation indiqu\u00e9e par le client.<\/p>\n\n\n\n<ul class=\"wp-block-list\">\n<li><strong>COMMANDE \u2013 RETRACTATION<\/strong><\/li>\n<\/ul>\n\n\n\n<p><strong>&nbsp;<\/strong>Le client choisit les produits qu\u2019il souhaite commander dans la boutique en ligne et ajoute les quantit\u00e9s qu\u2019il d\u00e9sire dans son panier. Pour finaliser sa commande, il sera n\u00e9cessaire de s\u2019inscrire par le biais d\u2019une cr\u00e9ation de compte ou de se connecter au compte existant le cas \u00e9ch\u00e9ant. Il renseignera ensuite les donn\u00e9es relatives \u00e0 la livraison, \u00e0 la facturation et au paiement.<\/p>\n\n\n\n<p>Il est de la responsabilit\u00e9 du client de v\u00e9rifier l\u2019exactitude des informations report\u00e9es sur la confirmation de commande. L\u2019entreprise ne pourra \u00eatre tenue responsable d\u2019une erreur valid\u00e9e par le client. Le syst\u00e8me d\u2019enregistrement automatique des commandes est consid\u00e9r\u00e9 comme valant preuve, de la nature, du contenu et de la date de la commande.<\/p>\n\n\n\n<p>Le client reconna\u00eet \u00eatre inform\u00e9 que son accord concernant les pr\u00e9sentes conditions g\u00e9n\u00e9rales de ventes ne n\u00e9cessite pas de signature manuscrite. Conform\u00e9ment \u00e0 la loi du 13 mars 2000 sur la signature \u00e9lectronique, tout bon de commande sign\u00e9 du client par \u00ab double clic \u00bb constitue une acceptation irr\u00e9vocable qui ne peut \u00eatre remise en cause. Cependant, il est tout de m\u00eame demand\u00e9 au client d\u2019accepter nos conditions g\u00e9n\u00e9rales de vente par une case \u00e0 cocher. Le client validera donc sa commande d\u00e9finitivement en ayant coch\u00e9 cette case et en cliquant sur le bouton \u00ab proc\u00e9der au paiement \u00bb. Le client d\u00e9clare avoir la pleine capacit\u00e9 juridique pour s\u2019engager dans les termes dudit contrat.<\/p>\n\n\n\n<p>L\u2019entreprise se r\u00e9serve le droit de modifier ses prix \u00e0 tout moment mais s\u2019engage \u00e0 appliquer les tarifs en vigueur qui auront \u00e9t\u00e9 indiqu\u00e9s au moment de la commande, sous r\u00e9serve de disponibilit\u00e9 \u00e0 cette date. Les prix figurant sur le site sont exprim\u00e9s en euros et s\u2019\u00e9tendent toutes taxes comprises (TTC).<\/p>\n\n\n\n<p>Pour toute commande faisant suite \u00e0 une offre de vente par correspondance, l\u2019acheteur dispose d\u2019un d\u00e9lai de r\u00e9tractation de 14 jours \u00e0 compter du lendemain de la r\u00e9ception de la marchandise. Son intention devra \u00eatre formul\u00e9e par mail. Un bon de retour est adress\u00e9 \u00e0 l\u2019acheteur par le biais d\u2019un e-mail. Une fois la demande approuv\u00e9e, le client dispose d\u2019un nouveau d\u00e9lai de 14 jours pour nous retourner la marchandise. Les frais de retours sont \u00e0 la charge du client. Le remboursement sera retenu jusqu\u2019\u00e0 la date de r\u00e9ception de la totalit\u00e9 de la marchandise ou de la preuve que la marchandise a bien \u00e9t\u00e9 renvoy\u00e9e.<\/p>\n\n\n\n<ul class=\"wp-block-list\">\n<li><strong>DELAI DE LIVRAISON<\/strong><\/li>\n<\/ul>\n\n\n\n<p>Nous garantissons des livraisons d\u2019une dur\u00e9e maximale de 20 jours. Les frais de ports sont offerts \u00e0 partir de 80 \u20ac d\u2019achat.<\/p>\n\n\n\n<p>Euskal Moneta ne sera pas responsable d\u2019un d\u00e9faut de d\u00e9lai de livraison si l\u2019inex\u00e9cution ou le d\u00e9faut d\u2019ex\u00e9cution est imputable au client, \u00e0 un fait impr\u00e9visible d\u2019un tiers au contrat, ou \u00e0 un cas de force majeure.<\/p>\n\n\n\n<ul class=\"wp-block-list\">\n<li><strong>TRANSPORT ET RECEPTION DES PRODUITS<\/strong><\/li>\n<\/ul>\n\n\n\n<p>Le client doit v\u00e9rifier \u00e0 la r\u00e9ception la conformit\u00e9 des produits livr\u00e9s aux produits command\u00e9s et l\u2019absence de vice apparent. Ce contr\u00f4le doit porter notamment sur les r\u00e9f\u00e9rences, les quantit\u00e9s, la qualit\u00e9 des marchandises ainsi que leur conformit\u00e9 par rapport au bon de commande.<\/p>\n\n\n\n<p>En cas de vice apparent ou de non-conformit\u00e9 des produits livr\u00e9s aux produits command\u00e9s relev\u00e9s par le client au jour de la r\u00e9ception et mentionn\u00e9 par le client sur le bon de livraison du transporteur, nous nous obligeons au remplacement des produits livr\u00e9s par des produits identiques \u00e0 la commande.<\/p>\n\n\n\n<p>En cas d\u2019impossibilit\u00e9 de remplacement \u00e0 l\u2019identique, le client aura le choix entre le remboursement des produits concern\u00e9s ou leur remplacement par des produits de qualit\u00e9 \u00e9quivalente. Cette garantie ne couvre pas les d\u00e9fauts occasionn\u00e9s du fait d\u2019une utilisation ou d\u2019un stockage anormal. Les frais occasionn\u00e9s par la reprise et la livraison des nouveaux produits sont \u00e0 notre charge exclusive.<\/p>\n\n\n\n<ul class=\"wp-block-list\">\n<li><strong>GARANTIE \u2013 REMPLACEMENT \u2013 RESPONSABILITE<\/strong><\/li>\n<\/ul>\n\n\n\n<p>Les produits vendus sont couverts par la garantie l\u00e9gale des vices cach\u00e9s, au sens de l\u2019article 1641 du Code civil. Ledit article dispose : \u201cLe Vendeur est tenu de la garantie \u00e0 raison des d\u00e9fauts cach\u00e9s de la chose vendue qui la rendent impropre \u00e0 l\u2019usage auquel on la destine, ou qui diminuent tellement cet usage, que le client ne l\u2019aurait pas acquise, ou n\u2019en aurait donn\u00e9 qu\u2019un moindre prix, s\u2019il les avait connus\u201d.<\/p>\n\n\n\n<p>Conform\u00e9ment \u00e0 l\u2019article 1644 du Code civil, le client a le choix de rendre la chose et de se faire restituer le prix ou de garder la chose et de se faire rendre une partie du prix telle qu\u2019elle sera arbitr\u00e9e par experts.<\/p>\n\n\n\n<p>Notre responsabilit\u00e9 ne peut \u00eatre recherch\u00e9e pour un dommage, quel qu\u2019il soit, relevant d\u2019un usage anormal de nos produits.<\/p>\n\n\n\n<ul class=\"wp-block-list\">\n<li><strong>LITIGES \u2013 JURIDICTION COMPETENTE<\/strong><\/li>\n<\/ul>\n\n\n\n<p>Toutes les ventes que nous concluons sont soumises \u00e0 la loi fran\u00e7aise. Il en est ainsi pour les r\u00e8gles de fonds comme pour les r\u00e8gles de forme.<\/p>\n","protected":false},"excerpt":{"rendered":"<p>CONDITIONS GENERALES DE VENTE &nbsp;Les pr\u00e9sentes conditions g\u00e9n\u00e9rales de vente s\u2019appliquent, sans restriction, ni r\u00e9serve, \u00e0 toutes nos ventes effectu\u00e9es aupr\u00e8s de clients ne destinant pas nos marchandises \u00e0 un usage professionnel. Ce site est \u00e9dit\u00e9 par l&rsquo;association Euskal Moneta.Les pr\u00e9sentes conditions g\u00e9n\u00e9rales de vente d\u00e9finissent les droits et obligations des parties dans le cadre [&hellip;]<\/p>\n","protected":false},"author":1,"featured_media":0,"parent":0,"menu_order":0,"comment_status":"closed","ping_status":"closed","template":"","meta":{"footnotes":""},"class_list":["post-144","page","type-page","status-publish","hentry"],"yoast_head":"<!-- This site is optimized with the Yoast SEO plugin v27.5 - https:\/\/yoast.com\/product\/yoast-seo-wordpress\/ -->\n<title>Conditions g\u00e9n\u00e9rales - Eusko Denda<\/title>\n<meta name=\"robots\" content=\"index, follow, max-snippet:-1, max-image-preview:large, max-video-preview:-1\" \/>\n<link rel=\"canonical\" href=\"https:\/\/euskalmoneta.org\/denda\/fr_fr\/conditions-generales\/\" \/>\n<meta property=\"og:locale\" content=\"fr_FR\" \/>\n<meta property=\"og:type\" content=\"article\" \/>\n<meta property=\"og:title\" content=\"Conditions g\u00e9n\u00e9rales - Eusko Denda\" \/>\n<meta property=\"og:description\" content=\"CONDITIONS GENERALES DE VENTE &nbsp;Les pr\u00e9sentes conditions g\u00e9n\u00e9rales de vente s\u2019appliquent, sans restriction, ni r\u00e9serve, \u00e0 toutes nos ventes effectu\u00e9es aupr\u00e8s de clients ne destinant pas nos marchandises \u00e0 un usage professionnel. Ce site est \u00e9dit\u00e9 par l&rsquo;association Euskal Moneta.Les pr\u00e9sentes conditions g\u00e9n\u00e9rales de vente d\u00e9finissent les droits et obligations des parties dans le cadre [&hellip;]\" \/>\n<meta property=\"og:url\" content=\"https:\/\/euskalmoneta.org\/denda\/fr_fr\/conditions-generales\/\" \/>\n<meta property=\"og:site_name\" content=\"Eusko Denda\" \/>\n<meta property=\"article:publisher\" content=\"https:\/\/www.facebook.com\/euskoa\" \/>\n<meta property=\"article:modified_time\" content=\"2024-05-27T15:47:12+00:00\" \/>\n<meta name=\"twitter:card\" content=\"summary_large_image\" \/>\n<meta name=\"twitter:site\" content=\"@EuskalMoneta\" \/>\n<meta name=\"twitter:label1\" content=\"Dur\u00e9e de lecture estim\u00e9e\" \/>\n\t<meta name=\"twitter:data1\" content=\"7 minutes\" \/>\n<script type=\"application\/ld+json\" class=\"yoast-schema-graph\">{\"@context\":\"https:\\\/\\\/schema.org\",\"@graph\":[{\"@type\":\"WebPage\",\"@id\":\"https:\\\/\\\/euskalmoneta.org\\\/denda\\\/conditions-generales\\\/\",\"url\":\"https:\\\/\\\/euskalmoneta.org\\\/denda\\\/conditions-generales\\\/\",\"name\":\"Conditions g\u00e9n\u00e9rales - Eusko Denda\",\"isPartOf\":{\"@id\":\"https:\\\/\\\/euskalmoneta.org\\\/denda\\\/#website\"},\"datePublished\":\"2024-05-27T15:47:09+00:00\",\"dateModified\":\"2024-05-27T15:47:12+00:00\",\"breadcrumb\":{\"@id\":\"https:\\\/\\\/euskalmoneta.org\\\/denda\\\/conditions-generales\\\/#breadcrumb\"},\"inLanguage\":\"fr-FR\",\"potentialAction\":[{\"@type\":\"ReadAction\",\"target\":[\"https:\\\/\\\/euskalmoneta.org\\\/denda\\\/conditions-generales\\\/\"]}]},{\"@type\":\"BreadcrumbList\",\"@id\":\"https:\\\/\\\/euskalmoneta.org\\\/denda\\\/conditions-generales\\\/#breadcrumb\",\"itemListElement\":[{\"@type\":\"ListItem\",\"position\":1,\"name\":\"Accueil\",\"item\":\"https:\\\/\\\/euskalmoneta.org\\\/denda\\\/\"},{\"@type\":\"ListItem\",\"position\":2,\"name\":\"Conditions g\u00e9n\u00e9rales\"}]},{\"@type\":\"WebSite\",\"@id\":\"https:\\\/\\\/euskalmoneta.org\\\/denda\\\/#website\",\"url\":\"https:\\\/\\\/euskalmoneta.org\\\/denda\\\/\",\"name\":\"Eusko Denda\",\"description\":\"La boutique en ligne de la monnaie locale\",\"publisher\":{\"@id\":\"https:\\\/\\\/euskalmoneta.org\\\/denda\\\/#organization\"},\"potentialAction\":[{\"@type\":\"SearchAction\",\"target\":{\"@type\":\"EntryPoint\",\"urlTemplate\":\"https:\\\/\\\/euskalmoneta.org\\\/denda\\\/?s={search_term_string}\"},\"query-input\":{\"@type\":\"PropertyValueSpecification\",\"valueRequired\":true,\"valueName\":\"search_term_string\"}}],\"inLanguage\":\"fr-FR\"},{\"@type\":\"Organization\",\"@id\":\"https:\\\/\\\/euskalmoneta.org\\\/denda\\\/#organization\",\"name\":\"Eusko Denda\",\"url\":\"https:\\\/\\\/euskalmoneta.org\\\/denda\\\/\",\"logo\":{\"@type\":\"ImageObject\",\"inLanguage\":\"fr-FR\",\"@id\":\"https:\\\/\\\/euskalmoneta.org\\\/denda\\\/#\\\/schema\\\/logo\\\/image\\\/\",\"url\":\"https:\\\/\\\/i0.wp.com\\\/euskalmoneta.org\\\/denda\\\/wp-content\\\/uploads\\\/2024\\\/04\\\/euskodenda.png?fit=1868%2C654&ssl=1\",\"contentUrl\":\"https:\\\/\\\/i0.wp.com\\\/euskalmoneta.org\\\/denda\\\/wp-content\\\/uploads\\\/2024\\\/04\\\/euskodenda.png?fit=1868%2C654&ssl=1\",\"width\":1868,\"height\":654,\"caption\":\"Eusko Denda\"},\"image\":{\"@id\":\"https:\\\/\\\/euskalmoneta.org\\\/denda\\\/#\\\/schema\\\/logo\\\/image\\\/\"},\"sameAs\":[\"https:\\\/\\\/www.facebook.com\\\/euskoa\",\"https:\\\/\\\/x.com\\\/EuskalMoneta\",\"https:\\\/\\\/www.instagram.com\\\/eusko_moneta\\\/\"]}]}<\/script>\n<!-- \/ Yoast SEO plugin. -->","yoast_head_json":{"title":"Conditions g\u00e9n\u00e9rales - Eusko Denda","robots":{"index":"index","follow":"follow","max-snippet":"max-snippet:-1","max-image-preview":"max-image-preview:large","max-video-preview":"max-video-preview:-1"},"canonical":"https:\/\/euskalmoneta.org\/denda\/fr_fr\/conditions-generales\/","og_locale":"fr_FR","og_type":"article","og_title":"Conditions g\u00e9n\u00e9rales - Eusko Denda","og_description":"CONDITIONS GENERALES DE VENTE &nbsp;Les pr\u00e9sentes conditions g\u00e9n\u00e9rales de vente s\u2019appliquent, sans restriction, ni r\u00e9serve, \u00e0 toutes nos ventes effectu\u00e9es aupr\u00e8s de clients ne destinant pas nos marchandises \u00e0 un usage professionnel. Ce site est \u00e9dit\u00e9 par l&rsquo;association Euskal Moneta.Les pr\u00e9sentes conditions g\u00e9n\u00e9rales de vente d\u00e9finissent les droits et obligations des parties dans le cadre [&hellip;]","og_url":"https:\/\/euskalmoneta.org\/denda\/fr_fr\/conditions-generales\/","og_site_name":"Eusko Denda","article_publisher":"https:\/\/www.facebook.com\/euskoa","article_modified_time":"2024-05-27T15:47:12+00:00","twitter_card":"summary_large_image","twitter_site":"@EuskalMoneta","twitter_misc":{"Dur\u00e9e de lecture estim\u00e9e":"7 minutes"},"schema":{"@context":"https:\/\/schema.org","@graph":[{"@type":"WebPage","@id":"https:\/\/euskalmoneta.org\/denda\/conditions-generales\/","url":"https:\/\/euskalmoneta.org\/denda\/conditions-generales\/","name":"Conditions g\u00e9n\u00e9rales - Eusko Denda","isPartOf":{"@id":"https:\/\/euskalmoneta.org\/denda\/#website"},"datePublished":"2024-05-27T15:47:09+00:00","dateModified":"2024-05-27T15:47:12+00:00","breadcrumb":{"@id":"https:\/\/euskalmoneta.org\/denda\/conditions-generales\/#breadcrumb"},"inLanguage":"fr-FR","potentialAction":[{"@type":"ReadAction","target":["https:\/\/euskalmoneta.org\/denda\/conditions-generales\/"]}]},{"@type":"BreadcrumbList","@id":"https:\/\/euskalmoneta.org\/denda\/conditions-generales\/#breadcrumb","itemListElement":[{"@type":"ListItem","position":1,"name":"Accueil","item":"https:\/\/euskalmoneta.org\/denda\/"},{"@type":"ListItem","position":2,"name":"Conditions g\u00e9n\u00e9rales"}]},{"@type":"WebSite","@id":"https:\/\/euskalmoneta.org\/denda\/#website","url":"https:\/\/euskalmoneta.org\/denda\/","name":"Eusko Denda","description":"La boutique en ligne de la monnaie locale","publisher":{"@id":"https:\/\/euskalmoneta.org\/denda\/#organization"},"potentialAction":[{"@type":"SearchAction","target":{"@type":"EntryPoint","urlTemplate":"https:\/\/euskalmoneta.org\/denda\/?s={search_term_string}"},"query-input":{"@type":"PropertyValueSpecification","valueRequired":true,"valueName":"search_term_string"}}],"inLanguage":"fr-FR"},{"@type":"Organization","@id":"https:\/\/euskalmoneta.org\/denda\/#organization","name":"Eusko Denda","url":"https:\/\/euskalmoneta.org\/denda\/","logo":{"@type":"ImageObject","inLanguage":"fr-FR","@id":"https:\/\/euskalmoneta.org\/denda\/#\/schema\/logo\/image\/","url":"https:\/\/i0.wp.com\/euskalmoneta.org\/denda\/wp-content\/uploads\/2024\/04\/euskodenda.png?fit=1868%2C654&ssl=1","contentUrl":"https:\/\/i0.wp.com\/euskalmoneta.org\/denda\/wp-content\/uploads\/2024\/04\/euskodenda.png?fit=1868%2C654&ssl=1","width":1868,"height":654,"caption":"Eusko Denda"},"image":{"@id":"https:\/\/euskalmoneta.org\/denda\/#\/schema\/logo\/image\/"},"sameAs":["https:\/\/www.facebook.com\/euskoa","https:\/\/x.com\/EuskalMoneta","https:\/\/www.instagram.com\/eusko_moneta\/"]}]}},"jetpack_sharing_enabled":true,"_links":{"self":[{"href":"https:\/\/euskalmoneta.org\/denda\/fr_fr\/wp-json\/wp\/v2\/pages\/144","targetHints":{"allow":["GET"]}}],"collection":[{"href":"https:\/\/euskalmoneta.org\/denda\/fr_fr\/wp-json\/wp\/v2\/pages"}],"about":[{"href":"https:\/\/euskalmoneta.org\/denda\/fr_fr\/wp-json\/wp\/v2\/types\/page"}],"author":[{"embeddable":true,"href":"https:\/\/euskalmoneta.org\/denda\/fr_fr\/wp-json\/wp\/v2\/users\/1"}],"replies":[{"embeddable":true,"href":"https:\/\/euskalmoneta.org\/denda\/fr_fr\/wp-json\/wp\/v2\/comments?post=144"}],"version-history":[{"count":1,"href":"https:\/\/euskalmoneta.org\/denda\/fr_fr\/wp-json\/wp\/v2\/pages\/144\/revisions"}],"predecessor-version":[{"id":147,"href":"https:\/\/euskalmoneta.org\/denda\/fr_fr\/wp-json\/wp\/v2\/pages\/144\/revisions\/147"}],"wp:attachment":[{"href":"https:\/\/euskalmoneta.org\/denda\/fr_fr\/wp-json\/wp\/v2\/media?parent=144"}],"curies":[{"name":"wp","href":"https:\/\/api.w.org\/{rel}","templated":true}]}}