{"id":136,"date":"2024-05-27T15:00:56","date_gmt":"2024-05-27T13:00:56","guid":{"rendered":"https:\/\/euskalmoneta.org\/denda\/?post_type=product&#038;p=136"},"modified":"2025-01-07T17:44:58","modified_gmt":"2025-01-07T16:44:58","slug":"foulard-eusko-des-fetes-de-bayonne","status":"publish","type":"product","link":"https:\/\/euskalmoneta.org\/denda\/fr_fr\/produit\/foulard-eusko-des-fetes-de-bayonne\/","title":{"rendered":"Foulard des f\u00eates de Bayonne"},"content":{"rendered":"<p><span style=\"font-weight: 400;\">Pr\u00eat\u00b7e pour les prochaines F\u00eates de Bayonne ? Il ne vous manque plus qu\u2019\u00e0 porter fi\u00e8rement le foulard de l\u2019Eusko, et payer vos verres en monnaie locale !\u00a0<\/span><\/p>\n<p><em><span style=\"font-weight: 400;\">\u2022 Tissu 100% coton<br \/>\n<\/span><span style=\"font-weight: 400;\">\u2022 Prix : 5 eusko\/euros<br \/>\n<\/span><span style=\"font-weight: 400;\">\u2022 S\u00e9rigraphi\u00e9 au Pays Basque par <a href=\"https:\/\/www.pottserigrafia.com\/\" target=\"_blank\" rel=\"noopener\">POtt serigrafia<\/a> au <\/span><a href=\"https:\/\/www.instagram.com\/zuzulu.baiona\" target=\"_blank\" rel=\"noopener\"><span style=\"font-weight: 400;\">Z\u00fcz\u00fcl\u00fc <\/span><\/a><span style=\"font-weight: 400;\">\u00e0 Bayonne<br \/>\n<\/span><span style=\"font-weight: 400;\">\u2022 Lavage \u00e0 30\u00b0 en machine (avec des couleurs similaires)<\/span><\/em><\/p>\n","protected":false},"excerpt":{"rendered":"<p>Pr\u00eat\u00b7e pour les prochaines F\u00eates de Bayonne ? Il ne vous manque plus qu\u2019\u00e0 porter fi\u00e8rement le foulard de l\u2019Eusko, et payer vos verres en monnaie locale !\u00a0 \u2022 Tissu 100% coton \u2022 Prix : 5 eusko\/euros \u2022 S\u00e9rigraphi\u00e9 au Pays Basque par POtt serigrafia au Z\u00fcz\u00fcl\u00fc \u00e0 Bayonne \u2022 Lavage \u00e0 30\u00b0 en machine [&hellip;]<\/p>\n","protected":false},"featured_media":179,"template":"","meta":[],"product_brand":[],"product_cat":[26,27],"product_tag":[],"class_list":{"0":"post-136","1":"product","2":"type-product","3":"status-publish","4":"has-post-thumbnail","6":"product_cat-fetes-de-bayonne","7":"product_cat-foulard","9":"first","10":"instock","11":"shipping-taxable","12":"purchasable","13":"product-type-simple"},"yoast_head":"<!-- This site is optimized with the Yoast SEO plugin v27.5 - https:\/\/yoast.com\/product\/yoast-seo-wordpress\/ -->\n<title>Foulard Eusko des f\u00eates de Bayonne - Eusko Denda<\/title>\n<meta name=\"description\" content=\"Pr\u00eat\u00b7e pour les prochaines F\u00eates de Bayonne ? Il ne vous manque plus qu\u2019\u00e0 porter fi\u00e8rement le foulard de l\u2019Eusko, et payer vos verres en monnaie locale !\u00a0\" \/>\n<meta name=\"robots\" content=\"index, follow, max-snippet:-1, max-image-preview:large, max-video-preview:-1\" \/>\n<link rel=\"canonical\" href=\"https:\/\/euskalmoneta.org\/denda\/fr_fr\/produit\/foulard-eusko-des-fetes-de-bayonne\/\" \/>\n<meta property=\"og:locale\" content=\"fr_FR\" \/>\n<meta property=\"og:type\" content=\"article\" \/>\n<meta property=\"og:title\" content=\"Foulard Eusko des f\u00eates de Bayonne - Eusko Denda\" \/>\n<meta property=\"og:description\" content=\"Pr\u00eat\u00b7e pour les prochaines F\u00eates de Bayonne ? Il ne vous manque plus qu\u2019\u00e0 porter fi\u00e8rement le foulard de l\u2019Eusko, et payer vos verres en monnaie locale !\u00a0\" \/>\n<meta property=\"og:url\" content=\"https:\/\/euskalmoneta.org\/denda\/fr_fr\/produit\/foulard-eusko-des-fetes-de-bayonne\/\" \/>\n<meta property=\"og:site_name\" content=\"Eusko Denda\" \/>\n<meta property=\"article:publisher\" content=\"https:\/\/www.facebook.com\/euskoa\" \/>\n<meta property=\"article:modified_time\" content=\"2025-01-07T16:44:58+00:00\" \/>\n<meta property=\"og:image\" content=\"https:\/\/euskalmoneta.org\/denda\/wp-content\/uploads\/2024\/05\/Serie-5-4-1.jpg\" \/>\n\t<meta property=\"og:image:width\" content=\"1920\" \/>\n\t<meta property=\"og:image:height\" content=\"1920\" \/>\n\t<meta property=\"og:image:type\" content=\"image\/jpeg\" \/>\n<meta name=\"twitter:card\" content=\"summary_large_image\" \/>\n<meta name=\"twitter:site\" content=\"@EuskalMoneta\" \/>\n<meta name=\"twitter:label1\" content=\"Dur\u00e9e de lecture estim\u00e9e\" \/>\n\t<meta name=\"twitter:data1\" content=\"1 minute\" \/>\n<script type=\"application\/ld+json\" class=\"yoast-schema-graph\">{\"@context\":\"https:\\\/\\\/schema.org\",\"@graph\":[{\"@type\":\"WebPage\",\"@id\":\"https:\\\/\\\/euskalmoneta.org\\\/denda\\\/produit\\\/foulard-eusko-des-fetes-de-bayonne\\\/\",\"url\":\"https:\\\/\\\/euskalmoneta.org\\\/denda\\\/produit\\\/foulard-eusko-des-fetes-de-bayonne\\\/\",\"name\":\"Foulard Eusko des f\u00eates de Bayonne - Eusko Denda\",\"isPartOf\":{\"@id\":\"https:\\\/\\\/euskalmoneta.org\\\/denda\\\/#website\"},\"primaryImageOfPage\":{\"@id\":\"https:\\\/\\\/euskalmoneta.org\\\/denda\\\/produit\\\/foulard-eusko-des-fetes-de-bayonne\\\/#primaryimage\"},\"image\":{\"@id\":\"https:\\\/\\\/euskalmoneta.org\\\/denda\\\/produit\\\/foulard-eusko-des-fetes-de-bayonne\\\/#primaryimage\"},\"thumbnailUrl\":\"https:\\\/\\\/i0.wp.com\\\/euskalmoneta.org\\\/denda\\\/wp-content\\\/uploads\\\/2024\\\/05\\\/Serie-5-4-1.jpg?fit=1920%2C1920&ssl=1\",\"datePublished\":\"2024-05-27T13:00:56+00:00\",\"dateModified\":\"2025-01-07T16:44:58+00:00\",\"description\":\"Pr\u00eat\u00b7e pour les prochaines F\u00eates de Bayonne ? Il ne vous manque plus qu\u2019\u00e0 porter fi\u00e8rement le foulard de l\u2019Eusko, et payer vos verres en monnaie locale !\u00a0\",\"breadcrumb\":{\"@id\":\"https:\\\/\\\/euskalmoneta.org\\\/denda\\\/produit\\\/foulard-eusko-des-fetes-de-bayonne\\\/#breadcrumb\"},\"inLanguage\":\"fr-FR\",\"potentialAction\":[{\"@type\":\"ReadAction\",\"target\":[\"https:\\\/\\\/euskalmoneta.org\\\/denda\\\/produit\\\/foulard-eusko-des-fetes-de-bayonne\\\/\"]}]},{\"@type\":\"ImageObject\",\"inLanguage\":\"fr-FR\",\"@id\":\"https:\\\/\\\/euskalmoneta.org\\\/denda\\\/produit\\\/foulard-eusko-des-fetes-de-bayonne\\\/#primaryimage\",\"url\":\"https:\\\/\\\/i0.wp.com\\\/euskalmoneta.org\\\/denda\\\/wp-content\\\/uploads\\\/2024\\\/05\\\/Serie-5-4-1.jpg?fit=1920%2C1920&ssl=1\",\"contentUrl\":\"https:\\\/\\\/i0.wp.com\\\/euskalmoneta.org\\\/denda\\\/wp-content\\\/uploads\\\/2024\\\/05\\\/Serie-5-4-1.jpg?fit=1920%2C1920&ssl=1\",\"width\":1920,\"height\":1920,\"caption\":\"Foulard f\u00eates de bayonne eusko\"},{\"@type\":\"BreadcrumbList\",\"@id\":\"https:\\\/\\\/euskalmoneta.org\\\/denda\\\/produit\\\/foulard-eusko-des-fetes-de-bayonne\\\/#breadcrumb\",\"itemListElement\":[{\"@type\":\"ListItem\",\"position\":1,\"name\":\"Accueil\",\"item\":\"https:\\\/\\\/euskalmoneta.org\\\/denda\\\/\"},{\"@type\":\"ListItem\",\"position\":2,\"name\":\"Boutique\",\"item\":\"https:\\\/\\\/euskalmoneta.org\\\/denda\\\/boutique\\\/\"},{\"@type\":\"ListItem\",\"position\":3,\"name\":\"Foulard des f\u00eates de Bayonne\"}]},{\"@type\":\"WebSite\",\"@id\":\"https:\\\/\\\/euskalmoneta.org\\\/denda\\\/#website\",\"url\":\"https:\\\/\\\/euskalmoneta.org\\\/denda\\\/\",\"name\":\"Eusko Denda\",\"description\":\"La boutique en ligne de la monnaie locale\",\"publisher\":{\"@id\":\"https:\\\/\\\/euskalmoneta.org\\\/denda\\\/#organization\"},\"potentialAction\":[{\"@type\":\"SearchAction\",\"target\":{\"@type\":\"EntryPoint\",\"urlTemplate\":\"https:\\\/\\\/euskalmoneta.org\\\/denda\\\/?s={search_term_string}\"},\"query-input\":{\"@type\":\"PropertyValueSpecification\",\"valueRequired\":true,\"valueName\":\"search_term_string\"}}],\"inLanguage\":\"fr-FR\"},{\"@type\":\"Organization\",\"@id\":\"https:\\\/\\\/euskalmoneta.org\\\/denda\\\/#organization\",\"name\":\"Eusko Denda\",\"url\":\"https:\\\/\\\/euskalmoneta.org\\\/denda\\\/\",\"logo\":{\"@type\":\"ImageObject\",\"inLanguage\":\"fr-FR\",\"@id\":\"https:\\\/\\\/euskalmoneta.org\\\/denda\\\/#\\\/schema\\\/logo\\\/image\\\/\",\"url\":\"https:\\\/\\\/i0.wp.com\\\/euskalmoneta.org\\\/denda\\\/wp-content\\\/uploads\\\/2024\\\/04\\\/euskodenda.png?fit=1868%2C654&ssl=1\",\"contentUrl\":\"https:\\\/\\\/i0.wp.com\\\/euskalmoneta.org\\\/denda\\\/wp-content\\\/uploads\\\/2024\\\/04\\\/euskodenda.png?fit=1868%2C654&ssl=1\",\"width\":1868,\"height\":654,\"caption\":\"Eusko Denda\"},\"image\":{\"@id\":\"https:\\\/\\\/euskalmoneta.org\\\/denda\\\/#\\\/schema\\\/logo\\\/image\\\/\"},\"sameAs\":[\"https:\\\/\\\/www.facebook.com\\\/euskoa\",\"https:\\\/\\\/x.com\\\/EuskalMoneta\",\"https:\\\/\\\/www.instagram.com\\\/eusko_moneta\\\/\"]}]}<\/script>\n<!-- \/ Yoast SEO plugin. -->","yoast_head_json":{"title":"Foulard Eusko des f\u00eates de Bayonne - Eusko Denda","description":"Pr\u00eat\u00b7e pour les prochaines F\u00eates de Bayonne ? Il ne vous manque plus qu\u2019\u00e0 porter fi\u00e8rement le foulard de l\u2019Eusko, et payer vos verres en monnaie locale !\u00a0","robots":{"index":"index","follow":"follow","max-snippet":"max-snippet:-1","max-image-preview":"max-image-preview:large","max-video-preview":"max-video-preview:-1"},"canonical":"https:\/\/euskalmoneta.org\/denda\/fr_fr\/produit\/foulard-eusko-des-fetes-de-bayonne\/","og_locale":"fr_FR","og_type":"article","og_title":"Foulard Eusko des f\u00eates de Bayonne - Eusko Denda","og_description":"Pr\u00eat\u00b7e pour les prochaines F\u00eates de Bayonne ? Il ne vous manque plus qu\u2019\u00e0 porter fi\u00e8rement le foulard de l\u2019Eusko, et payer vos verres en monnaie locale !\u00a0","og_url":"https:\/\/euskalmoneta.org\/denda\/fr_fr\/produit\/foulard-eusko-des-fetes-de-bayonne\/","og_site_name":"Eusko Denda","article_publisher":"https:\/\/www.facebook.com\/euskoa","article_modified_time":"2025-01-07T16:44:58+00:00","og_image":[{"width":1920,"height":1920,"url":"https:\/\/euskalmoneta.org\/denda\/wp-content\/uploads\/2024\/05\/Serie-5-4-1.jpg","type":"image\/jpeg"}],"twitter_card":"summary_large_image","twitter_site":"@EuskalMoneta","twitter_misc":{"Dur\u00e9e de lecture estim\u00e9e":"1 minute"},"schema":{"@context":"https:\/\/schema.org","@graph":[{"@type":"WebPage","@id":"https:\/\/euskalmoneta.org\/denda\/produit\/foulard-eusko-des-fetes-de-bayonne\/","url":"https:\/\/euskalmoneta.org\/denda\/produit\/foulard-eusko-des-fetes-de-bayonne\/","name":"Foulard Eusko des f\u00eates de Bayonne - Eusko Denda","isPartOf":{"@id":"https:\/\/euskalmoneta.org\/denda\/#website"},"primaryImageOfPage":{"@id":"https:\/\/euskalmoneta.org\/denda\/produit\/foulard-eusko-des-fetes-de-bayonne\/#primaryimage"},"image":{"@id":"https:\/\/euskalmoneta.org\/denda\/produit\/foulard-eusko-des-fetes-de-bayonne\/#primaryimage"},"thumbnailUrl":"https:\/\/i0.wp.com\/euskalmoneta.org\/denda\/wp-content\/uploads\/2024\/05\/Serie-5-4-1.jpg?fit=1920%2C1920&ssl=1","datePublished":"2024-05-27T13:00:56+00:00","dateModified":"2025-01-07T16:44:58+00:00","description":"Pr\u00eat\u00b7e pour les prochaines F\u00eates de Bayonne ? Il ne vous manque plus qu\u2019\u00e0 porter fi\u00e8rement le foulard de l\u2019Eusko, et payer vos verres en monnaie locale !\u00a0","breadcrumb":{"@id":"https:\/\/euskalmoneta.org\/denda\/produit\/foulard-eusko-des-fetes-de-bayonne\/#breadcrumb"},"inLanguage":"fr-FR","potentialAction":[{"@type":"ReadAction","target":["https:\/\/euskalmoneta.org\/denda\/produit\/foulard-eusko-des-fetes-de-bayonne\/"]}]},{"@type":"ImageObject","inLanguage":"fr-FR","@id":"https:\/\/euskalmoneta.org\/denda\/produit\/foulard-eusko-des-fetes-de-bayonne\/#primaryimage","url":"https:\/\/i0.wp.com\/euskalmoneta.org\/denda\/wp-content\/uploads\/2024\/05\/Serie-5-4-1.jpg?fit=1920%2C1920&ssl=1","contentUrl":"https:\/\/i0.wp.com\/euskalmoneta.org\/denda\/wp-content\/uploads\/2024\/05\/Serie-5-4-1.jpg?fit=1920%2C1920&ssl=1","width":1920,"height":1920,"caption":"Foulard f\u00eates de bayonne eusko"},{"@type":"BreadcrumbList","@id":"https:\/\/euskalmoneta.org\/denda\/produit\/foulard-eusko-des-fetes-de-bayonne\/#breadcrumb","itemListElement":[{"@type":"ListItem","position":1,"name":"Accueil","item":"https:\/\/euskalmoneta.org\/denda\/"},{"@type":"ListItem","position":2,"name":"Boutique","item":"https:\/\/euskalmoneta.org\/denda\/boutique\/"},{"@type":"ListItem","position":3,"name":"Foulard des f\u00eates de Bayonne"}]},{"@type":"WebSite","@id":"https:\/\/euskalmoneta.org\/denda\/#website","url":"https:\/\/euskalmoneta.org\/denda\/","name":"Eusko Denda","description":"La boutique en ligne de la monnaie locale","publisher":{"@id":"https:\/\/euskalmoneta.org\/denda\/#organization"},"potentialAction":[{"@type":"SearchAction","target":{"@type":"EntryPoint","urlTemplate":"https:\/\/euskalmoneta.org\/denda\/?s={search_term_string}"},"query-input":{"@type":"PropertyValueSpecification","valueRequired":true,"valueName":"search_term_string"}}],"inLanguage":"fr-FR"},{"@type":"Organization","@id":"https:\/\/euskalmoneta.org\/denda\/#organization","name":"Eusko Denda","url":"https:\/\/euskalmoneta.org\/denda\/","logo":{"@type":"ImageObject","inLanguage":"fr-FR","@id":"https:\/\/euskalmoneta.org\/denda\/#\/schema\/logo\/image\/","url":"https:\/\/i0.wp.com\/euskalmoneta.org\/denda\/wp-content\/uploads\/2024\/04\/euskodenda.png?fit=1868%2C654&ssl=1","contentUrl":"https:\/\/i0.wp.com\/euskalmoneta.org\/denda\/wp-content\/uploads\/2024\/04\/euskodenda.png?fit=1868%2C654&ssl=1","width":1868,"height":654,"caption":"Eusko Denda"},"image":{"@id":"https:\/\/euskalmoneta.org\/denda\/#\/schema\/logo\/image\/"},"sameAs":["https:\/\/www.facebook.com\/euskoa","https:\/\/x.com\/EuskalMoneta","https:\/\/www.instagram.com\/eusko_moneta\/"]}]}},"jetpack_sharing_enabled":true,"_links":{"self":[{"href":"https:\/\/euskalmoneta.org\/denda\/fr_fr\/wp-json\/wp\/v2\/product\/136","targetHints":{"allow":["GET"]}}],"collection":[{"href":"https:\/\/euskalmoneta.org\/denda\/fr_fr\/wp-json\/wp\/v2\/product"}],"about":[{"href":"https:\/\/euskalmoneta.org\/denda\/fr_fr\/wp-json\/wp\/v2\/types\/product"}],"wp:featuredmedia":[{"embeddable":true,"href":"https:\/\/euskalmoneta.org\/denda\/fr_fr\/wp-json\/wp\/v2\/media\/179"}],"wp:attachment":[{"href":"https:\/\/euskalmoneta.org\/denda\/fr_fr\/wp-json\/wp\/v2\/media?parent=136"}],"wp:term":[{"taxonomy":"product_brand","embeddable":true,"href":"https:\/\/euskalmoneta.org\/denda\/fr_fr\/wp-json\/wp\/v2\/product_brand?post=136"},{"taxonomy":"product_cat","embeddable":true,"href":"https:\/\/euskalmoneta.org\/denda\/fr_fr\/wp-json\/wp\/v2\/product_cat?post=136"},{"taxonomy":"product_tag","embeddable":true,"href":"https:\/\/euskalmoneta.org\/denda\/fr_fr\/wp-json\/wp\/v2\/product_tag?post=136"}],"curies":[{"name":"wp","href":"https:\/\/api.w.org\/{rel}","templated":true}]}}