{"id":141,"date":"2024-05-27T16:00:28","date_gmt":"2024-05-27T14:00:28","guid":{"rendered":"https:\/\/euskalmoneta.org\/denda\/?post_type=product&#038;p=141"},"modified":"2026-05-04T22:45:48","modified_gmt":"2026-05-04T20:45:48","slug":"eusko-kutx-le-porte-monnaie-local-et-pratique","status":"publish","type":"product","link":"https:\/\/euskalmoneta.org\/denda\/fr_fr\/produit\/eusko-kutx-le-porte-monnaie-local-et-pratique\/","title":{"rendered":"Eusko Kutx, le porte-monnaie local et pratique"},"content":{"rendered":"<p><span style=\"font-weight: 400;\">L\u2019Eusko Kutx est n\u00e9e d&rsquo;une collaboration entre deux marques locales membres du r\u00e9seau Eusko : <a href=\"https:\/\/decocoutureandco.com\/\" target=\"_blank\" rel=\"noopener\">D\u00e9co Couture &amp; Co<\/a> et l\u2019<a href=\"https:\/\/creation-atelier-cuir.com\/\" target=\"_blank\" rel=\"noopener\">Atelier Arano<\/a>.\u00a0<\/span><\/p>\n<p><span style=\"font-weight: 400;\">L&rsquo;Eusko Kutx se compose de cuir de couleurs et de tannage min\u00e9ral provenant de la tannerie Carriat \u00e0 Espelette. Le cuir marron tannage min\u00e9ral provient d&rsquo;Espagne ainsi que le tissu d\u00e9perlant int\u00e9rieur. L\u2019assemblage a \u00e9t\u00e9 effectu\u00e9 pour la partie cuir par St\u00e9phanie de l\u2019Atelier Arano \u00e0 Hasparren et la partie tissu par Denise de D\u00e9co Couture &amp; Co \u00e0 Macaye. <\/span><\/p>\n<p><span style=\"font-weight: 400;\">\u2022 Porte-monnaie local et pratique pour billets et cartes<br \/>\n<\/span><span style=\"font-weight: 400;\">\u2022 Prix : 39 eusko\/euros<br \/>\n\u2022 <\/span><span style=\"font-weight: 400;\">Couleurs : gris, turquoise, marron, rouge ou orange<br \/>\n\u2022 <\/span><span style=\"font-weight: 400;\">100% cuir<br \/>\n\u2022 <\/span><span style=\"font-weight: 400;\">Fait au Pays Basque, par l\u2019atelier SD Eskuekin Cr\u00e9ations, n\u00e9e de la collaboration entre D\u00e9co Couture &amp; Co et l\u2019Atelier Arano<br \/>\n\u2022 <\/span><span style=\"font-weight: 400;\">Edition limit\u00e9e<\/span><\/p>\n<p><iframe loading=\"lazy\" title=\"YouTube video player\" src=\"https:\/\/youtube.com\/embed\/GBnr6dFmDpc\" width=\"560\" height=\"315\" frameborder=\"0\" allowfullscreen=\"allowfullscreen\"><\/iframe><\/p>\n","protected":false},"excerpt":{"rendered":"<p>L\u2019Eusko Kutx est n\u00e9e d&rsquo;une collaboration entre deux marques locales membres du r\u00e9seau Eusko : D\u00e9co Couture &amp; Co et l\u2019Atelier Arano.\u00a0 L&rsquo;Eusko Kutx se compose de cuir de couleurs et de tannage min\u00e9ral provenant de la tannerie Carriat \u00e0 Espelette. Le cuir marron tannage min\u00e9ral provient d&rsquo;Espagne ainsi que le tissu d\u00e9perlant int\u00e9rieur. L\u2019assemblage [&hellip;]<\/p>\n","protected":false},"featured_media":294,"template":"","meta":[],"product_brand":[],"product_cat":[18],"product_tag":[],"class_list":{"0":"post-141","1":"product","2":"type-product","3":"status-publish","4":"has-post-thumbnail","6":"product_cat-accessories","8":"first","9":"outofstock","10":"shipping-taxable","11":"purchasable","12":"product-type-variable"},"yoast_head":"<!-- This site is optimized with the Yoast SEO plugin v27.5 - https:\/\/yoast.com\/product\/yoast-seo-wordpress\/ -->\n<title>Eusko Kutx, le porte-monnaie local et pratique - Eusko Denda<\/title>\n<meta name=\"description\" content=\"L\u2019Eusko Kutx est n\u00e9e d&#039;une collaboration entre deux marques locales membres du r\u00e9seau Eusko : D\u00e9co Couture &amp; Co et l\u2019Atelier Arano.\u00a0\" \/>\n<meta name=\"robots\" content=\"index, follow, max-snippet:-1, max-image-preview:large, max-video-preview:-1\" \/>\n<link rel=\"canonical\" href=\"https:\/\/euskalmoneta.org\/denda\/fr_fr\/produit\/eusko-kutx-le-porte-monnaie-local-et-pratique\/\" \/>\n<meta property=\"og:locale\" content=\"fr_FR\" \/>\n<meta property=\"og:type\" content=\"article\" \/>\n<meta property=\"og:title\" content=\"Eusko Kutx, le porte-monnaie local et pratique - Eusko Denda\" \/>\n<meta property=\"og:description\" content=\"L\u2019Eusko Kutx est n\u00e9e d&#039;une collaboration entre deux marques locales membres du r\u00e9seau Eusko : D\u00e9co Couture &amp; Co et l\u2019Atelier Arano.\u00a0\" \/>\n<meta property=\"og:url\" content=\"https:\/\/euskalmoneta.org\/denda\/fr_fr\/produit\/eusko-kutx-le-porte-monnaie-local-et-pratique\/\" \/>\n<meta property=\"og:site_name\" content=\"Eusko Denda\" \/>\n<meta property=\"article:publisher\" content=\"https:\/\/www.facebook.com\/euskoa\" \/>\n<meta property=\"article:modified_time\" content=\"2026-05-04T20:45:48+00:00\" \/>\n<meta property=\"og:image\" content=\"https:\/\/euskalmoneta.org\/denda\/wp-content\/uploads\/2024\/05\/Serie-7-2.jpg\" \/>\n\t<meta property=\"og:image:width\" content=\"1920\" \/>\n\t<meta property=\"og:image:height\" content=\"1920\" \/>\n\t<meta property=\"og:image:type\" content=\"image\/jpeg\" \/>\n<meta name=\"twitter:card\" content=\"summary_large_image\" \/>\n<meta name=\"twitter:site\" content=\"@EuskalMoneta\" \/>\n<meta name=\"twitter:label1\" content=\"Dur\u00e9e de lecture estim\u00e9e\" \/>\n\t<meta name=\"twitter:data1\" content=\"1 minute\" \/>\n<script type=\"application\/ld+json\" class=\"yoast-schema-graph\">{\"@context\":\"https:\\\/\\\/schema.org\",\"@graph\":[{\"@type\":\"WebPage\",\"@id\":\"https:\\\/\\\/euskalmoneta.org\\\/denda\\\/produit\\\/eusko-kutx-le-porte-monnaie-local-et-pratique\\\/\",\"url\":\"https:\\\/\\\/euskalmoneta.org\\\/denda\\\/produit\\\/eusko-kutx-le-porte-monnaie-local-et-pratique\\\/\",\"name\":\"Eusko Kutx, le porte-monnaie local et pratique - Eusko Denda\",\"isPartOf\":{\"@id\":\"https:\\\/\\\/euskalmoneta.org\\\/denda\\\/#website\"},\"primaryImageOfPage\":{\"@id\":\"https:\\\/\\\/euskalmoneta.org\\\/denda\\\/produit\\\/eusko-kutx-le-porte-monnaie-local-et-pratique\\\/#primaryimage\"},\"image\":{\"@id\":\"https:\\\/\\\/euskalmoneta.org\\\/denda\\\/produit\\\/eusko-kutx-le-porte-monnaie-local-et-pratique\\\/#primaryimage\"},\"thumbnailUrl\":\"https:\\\/\\\/i0.wp.com\\\/euskalmoneta.org\\\/denda\\\/wp-content\\\/uploads\\\/2024\\\/05\\\/Serie-7-2.jpg?fit=1920%2C1920&ssl=1\",\"datePublished\":\"2024-05-27T14:00:28+00:00\",\"dateModified\":\"2026-05-04T20:45:48+00:00\",\"description\":\"L\u2019Eusko Kutx est n\u00e9e d'une collaboration entre deux marques locales membres du r\u00e9seau Eusko : D\u00e9co Couture & Co et l\u2019Atelier Arano.\u00a0\",\"breadcrumb\":{\"@id\":\"https:\\\/\\\/euskalmoneta.org\\\/denda\\\/produit\\\/eusko-kutx-le-porte-monnaie-local-et-pratique\\\/#breadcrumb\"},\"inLanguage\":\"fr-FR\",\"potentialAction\":[{\"@type\":\"ReadAction\",\"target\":[\"https:\\\/\\\/euskalmoneta.org\\\/denda\\\/produit\\\/eusko-kutx-le-porte-monnaie-local-et-pratique\\\/\"]}]},{\"@type\":\"ImageObject\",\"inLanguage\":\"fr-FR\",\"@id\":\"https:\\\/\\\/euskalmoneta.org\\\/denda\\\/produit\\\/eusko-kutx-le-porte-monnaie-local-et-pratique\\\/#primaryimage\",\"url\":\"https:\\\/\\\/i0.wp.com\\\/euskalmoneta.org\\\/denda\\\/wp-content\\\/uploads\\\/2024\\\/05\\\/Serie-7-2.jpg?fit=1920%2C1920&ssl=1\",\"contentUrl\":\"https:\\\/\\\/i0.wp.com\\\/euskalmoneta.org\\\/denda\\\/wp-content\\\/uploads\\\/2024\\\/05\\\/Serie-7-2.jpg?fit=1920%2C1920&ssl=1\",\"width\":1920,\"height\":1920,\"caption\":\"Eusko Kutx, le porte-monnaie local et pratique\"},{\"@type\":\"BreadcrumbList\",\"@id\":\"https:\\\/\\\/euskalmoneta.org\\\/denda\\\/produit\\\/eusko-kutx-le-porte-monnaie-local-et-pratique\\\/#breadcrumb\",\"itemListElement\":[{\"@type\":\"ListItem\",\"position\":1,\"name\":\"Accueil\",\"item\":\"https:\\\/\\\/euskalmoneta.org\\\/denda\\\/\"},{\"@type\":\"ListItem\",\"position\":2,\"name\":\"Boutique\",\"item\":\"https:\\\/\\\/euskalmoneta.org\\\/denda\\\/boutique\\\/\"},{\"@type\":\"ListItem\",\"position\":3,\"name\":\"Eusko Kutx, le porte-monnaie local et pratique\"}]},{\"@type\":\"WebSite\",\"@id\":\"https:\\\/\\\/euskalmoneta.org\\\/denda\\\/#website\",\"url\":\"https:\\\/\\\/euskalmoneta.org\\\/denda\\\/\",\"name\":\"Eusko Denda\",\"description\":\"La boutique en ligne de la monnaie locale\",\"publisher\":{\"@id\":\"https:\\\/\\\/euskalmoneta.org\\\/denda\\\/#organization\"},\"potentialAction\":[{\"@type\":\"SearchAction\",\"target\":{\"@type\":\"EntryPoint\",\"urlTemplate\":\"https:\\\/\\\/euskalmoneta.org\\\/denda\\\/?s={search_term_string}\"},\"query-input\":{\"@type\":\"PropertyValueSpecification\",\"valueRequired\":true,\"valueName\":\"search_term_string\"}}],\"inLanguage\":\"fr-FR\"},{\"@type\":\"Organization\",\"@id\":\"https:\\\/\\\/euskalmoneta.org\\\/denda\\\/#organization\",\"name\":\"Eusko Denda\",\"url\":\"https:\\\/\\\/euskalmoneta.org\\\/denda\\\/\",\"logo\":{\"@type\":\"ImageObject\",\"inLanguage\":\"fr-FR\",\"@id\":\"https:\\\/\\\/euskalmoneta.org\\\/denda\\\/#\\\/schema\\\/logo\\\/image\\\/\",\"url\":\"https:\\\/\\\/i0.wp.com\\\/euskalmoneta.org\\\/denda\\\/wp-content\\\/uploads\\\/2024\\\/04\\\/euskodenda.png?fit=1868%2C654&ssl=1\",\"contentUrl\":\"https:\\\/\\\/i0.wp.com\\\/euskalmoneta.org\\\/denda\\\/wp-content\\\/uploads\\\/2024\\\/04\\\/euskodenda.png?fit=1868%2C654&ssl=1\",\"width\":1868,\"height\":654,\"caption\":\"Eusko Denda\"},\"image\":{\"@id\":\"https:\\\/\\\/euskalmoneta.org\\\/denda\\\/#\\\/schema\\\/logo\\\/image\\\/\"},\"sameAs\":[\"https:\\\/\\\/www.facebook.com\\\/euskoa\",\"https:\\\/\\\/x.com\\\/EuskalMoneta\",\"https:\\\/\\\/www.instagram.com\\\/eusko_moneta\\\/\"]}]}<\/script>\n<!-- \/ Yoast SEO plugin. -->","yoast_head_json":{"title":"Eusko Kutx, le porte-monnaie local et pratique - Eusko Denda","description":"L\u2019Eusko Kutx est n\u00e9e d'une collaboration entre deux marques locales membres du r\u00e9seau Eusko : D\u00e9co Couture & Co et l\u2019Atelier Arano.\u00a0","robots":{"index":"index","follow":"follow","max-snippet":"max-snippet:-1","max-image-preview":"max-image-preview:large","max-video-preview":"max-video-preview:-1"},"canonical":"https:\/\/euskalmoneta.org\/denda\/fr_fr\/produit\/eusko-kutx-le-porte-monnaie-local-et-pratique\/","og_locale":"fr_FR","og_type":"article","og_title":"Eusko Kutx, le porte-monnaie local et pratique - Eusko Denda","og_description":"L\u2019Eusko Kutx est n\u00e9e d'une collaboration entre deux marques locales membres du r\u00e9seau Eusko : D\u00e9co Couture & Co et l\u2019Atelier Arano.\u00a0","og_url":"https:\/\/euskalmoneta.org\/denda\/fr_fr\/produit\/eusko-kutx-le-porte-monnaie-local-et-pratique\/","og_site_name":"Eusko Denda","article_publisher":"https:\/\/www.facebook.com\/euskoa","article_modified_time":"2026-05-04T20:45:48+00:00","og_image":[{"width":1920,"height":1920,"url":"https:\/\/euskalmoneta.org\/denda\/wp-content\/uploads\/2024\/05\/Serie-7-2.jpg","type":"image\/jpeg"}],"twitter_card":"summary_large_image","twitter_site":"@EuskalMoneta","twitter_misc":{"Dur\u00e9e de lecture estim\u00e9e":"1 minute"},"schema":{"@context":"https:\/\/schema.org","@graph":[{"@type":"WebPage","@id":"https:\/\/euskalmoneta.org\/denda\/produit\/eusko-kutx-le-porte-monnaie-local-et-pratique\/","url":"https:\/\/euskalmoneta.org\/denda\/produit\/eusko-kutx-le-porte-monnaie-local-et-pratique\/","name":"Eusko Kutx, le porte-monnaie local et pratique - Eusko Denda","isPartOf":{"@id":"https:\/\/euskalmoneta.org\/denda\/#website"},"primaryImageOfPage":{"@id":"https:\/\/euskalmoneta.org\/denda\/produit\/eusko-kutx-le-porte-monnaie-local-et-pratique\/#primaryimage"},"image":{"@id":"https:\/\/euskalmoneta.org\/denda\/produit\/eusko-kutx-le-porte-monnaie-local-et-pratique\/#primaryimage"},"thumbnailUrl":"https:\/\/i0.wp.com\/euskalmoneta.org\/denda\/wp-content\/uploads\/2024\/05\/Serie-7-2.jpg?fit=1920%2C1920&ssl=1","datePublished":"2024-05-27T14:00:28+00:00","dateModified":"2026-05-04T20:45:48+00:00","description":"L\u2019Eusko Kutx est n\u00e9e d'une collaboration entre deux marques locales membres du r\u00e9seau Eusko : D\u00e9co Couture & Co et l\u2019Atelier Arano.\u00a0","breadcrumb":{"@id":"https:\/\/euskalmoneta.org\/denda\/produit\/eusko-kutx-le-porte-monnaie-local-et-pratique\/#breadcrumb"},"inLanguage":"fr-FR","potentialAction":[{"@type":"ReadAction","target":["https:\/\/euskalmoneta.org\/denda\/produit\/eusko-kutx-le-porte-monnaie-local-et-pratique\/"]}]},{"@type":"ImageObject","inLanguage":"fr-FR","@id":"https:\/\/euskalmoneta.org\/denda\/produit\/eusko-kutx-le-porte-monnaie-local-et-pratique\/#primaryimage","url":"https:\/\/i0.wp.com\/euskalmoneta.org\/denda\/wp-content\/uploads\/2024\/05\/Serie-7-2.jpg?fit=1920%2C1920&ssl=1","contentUrl":"https:\/\/i0.wp.com\/euskalmoneta.org\/denda\/wp-content\/uploads\/2024\/05\/Serie-7-2.jpg?fit=1920%2C1920&ssl=1","width":1920,"height":1920,"caption":"Eusko Kutx, le porte-monnaie local et pratique"},{"@type":"BreadcrumbList","@id":"https:\/\/euskalmoneta.org\/denda\/produit\/eusko-kutx-le-porte-monnaie-local-et-pratique\/#breadcrumb","itemListElement":[{"@type":"ListItem","position":1,"name":"Accueil","item":"https:\/\/euskalmoneta.org\/denda\/"},{"@type":"ListItem","position":2,"name":"Boutique","item":"https:\/\/euskalmoneta.org\/denda\/boutique\/"},{"@type":"ListItem","position":3,"name":"Eusko Kutx, le porte-monnaie local et pratique"}]},{"@type":"WebSite","@id":"https:\/\/euskalmoneta.org\/denda\/#website","url":"https:\/\/euskalmoneta.org\/denda\/","name":"Eusko Denda","description":"La boutique en ligne de la monnaie locale","publisher":{"@id":"https:\/\/euskalmoneta.org\/denda\/#organization"},"potentialAction":[{"@type":"SearchAction","target":{"@type":"EntryPoint","urlTemplate":"https:\/\/euskalmoneta.org\/denda\/?s={search_term_string}"},"query-input":{"@type":"PropertyValueSpecification","valueRequired":true,"valueName":"search_term_string"}}],"inLanguage":"fr-FR"},{"@type":"Organization","@id":"https:\/\/euskalmoneta.org\/denda\/#organization","name":"Eusko Denda","url":"https:\/\/euskalmoneta.org\/denda\/","logo":{"@type":"ImageObject","inLanguage":"fr-FR","@id":"https:\/\/euskalmoneta.org\/denda\/#\/schema\/logo\/image\/","url":"https:\/\/i0.wp.com\/euskalmoneta.org\/denda\/wp-content\/uploads\/2024\/04\/euskodenda.png?fit=1868%2C654&ssl=1","contentUrl":"https:\/\/i0.wp.com\/euskalmoneta.org\/denda\/wp-content\/uploads\/2024\/04\/euskodenda.png?fit=1868%2C654&ssl=1","width":1868,"height":654,"caption":"Eusko Denda"},"image":{"@id":"https:\/\/euskalmoneta.org\/denda\/#\/schema\/logo\/image\/"},"sameAs":["https:\/\/www.facebook.com\/euskoa","https:\/\/x.com\/EuskalMoneta","https:\/\/www.instagram.com\/eusko_moneta\/"]}]}},"jetpack_sharing_enabled":true,"_links":{"self":[{"href":"https:\/\/euskalmoneta.org\/denda\/fr_fr\/wp-json\/wp\/v2\/product\/141","targetHints":{"allow":["GET"]}}],"collection":[{"href":"https:\/\/euskalmoneta.org\/denda\/fr_fr\/wp-json\/wp\/v2\/product"}],"about":[{"href":"https:\/\/euskalmoneta.org\/denda\/fr_fr\/wp-json\/wp\/v2\/types\/product"}],"wp:featuredmedia":[{"embeddable":true,"href":"https:\/\/euskalmoneta.org\/denda\/fr_fr\/wp-json\/wp\/v2\/media\/294"}],"wp:attachment":[{"href":"https:\/\/euskalmoneta.org\/denda\/fr_fr\/wp-json\/wp\/v2\/media?parent=141"}],"wp:term":[{"taxonomy":"product_brand","embeddable":true,"href":"https:\/\/euskalmoneta.org\/denda\/fr_fr\/wp-json\/wp\/v2\/product_brand?post=141"},{"taxonomy":"product_cat","embeddable":true,"href":"https:\/\/euskalmoneta.org\/denda\/fr_fr\/wp-json\/wp\/v2\/product_cat?post=141"},{"taxonomy":"product_tag","embeddable":true,"href":"https:\/\/euskalmoneta.org\/denda\/fr_fr\/wp-json\/wp\/v2\/product_tag?post=141"}],"curies":[{"name":"wp","href":"https:\/\/api.w.org\/{rel}","templated":true}]}}